{"id":280,"date":"2024-01-30T13:04:46","date_gmt":"2024-01-30T18:04:46","guid":{"rendered":"http:\/\/localhost\/?page_id=280"},"modified":"2024-04-02T13:29:32","modified_gmt":"2024-04-02T17:29:32","slug":"notre-histoire","status":"publish","type":"page","link":"https:\/\/glphi-tech.com\/fr\/notre-histoire\/","title":{"rendered":"Notre histoire"},"content":{"rendered":"\n<div class=\"wp-block-columns is-layout-flex wp-container-core-columns-is-layout-9d6595d7 wp-block-columns-is-layout-flex\">\n<div class=\"wp-block-column is-layout-flow wp-block-column-is-layout-flow\">\n<p>De la fabrication de moules \u00e0 la production de millions de pi\u00e8ces par ann\u00e9e, notre histoire est \u00e9troitement li\u00e9e \u00e0 notre motivation de toujours faire mieux. Aujourd\u2019hui, c\u2019est plus de 150&nbsp;employ\u00e9s qui s\u2019investissent dans leur travail et qui donnent vie aux valeurs d\u2019entraide et de partage qui se sont naturellement install\u00e9es dans notre entreprise. Nous sommes privil\u00e9gi\u00e9s de pouvoir compter sur une \u00e9quipe solide aux multiples talents. D\u00e8s le premier jour, GLP a mis\u00e9 sur l\u2019importance du travail bien fait et nous continuons chaque jour d\u2019en faire une de nos plus grandes priorit\u00e9s.<\/p>\n<\/div>\n<\/div>\n\n\n\n<div class=\"wp-block-columns is-layout-flex wp-container-core-columns-is-layout-9d6595d7 wp-block-columns-is-layout-flex\">\n<div class=\"wp-block-column is-layout-flow wp-block-column-is-layout-flow\">\n<h2 class=\"wp-block-heading has-text-align-center fullWidth\">Moments forts de notre parcours<\/h2>\n\n\n\n<div class=\"wp-block-cp-timeline-content-timeline Cool-Content-Timeline\"><div class=\"cool-timeline-block-8ad0f732-75fd-41e5-9745-8ed9ca55911d\"><div class=\"cool-vertical-timeline-body ctlb-wrapper both-sided left\"><div class=\"cool-timeline-block-list\">\n<div class=\"wp-block-cp-timeline-content-timeline-child swiper-slide\"><div class=\"timeline-content icon-false \"><div class=\"timeline-block-timeline ctl-row  position-right\"><div class=\"ctl-6 timeline-block-time\"><div class=\"story-time\"><p>1976<\/p><\/div><\/div><div class=\"timeline-block-icon\"><svg stroke=\"currentColor\" fill=\"currentColor\" stroke-width=\"0\" viewBox=\"0 0 512 512\" height=\"1em\" width=\"1em\" xmlns=\"http:\/\/www.w3.org\/2000\/svg\"><path d=\"M256 8C119 8 8 119 8 256s111 248 248 248 248-111 248-248S393 8 256 8z\"><\/path><\/svg><\/div><div class=\"ctl-6 timeline-block-detail\"><div class=\"story-details\"><div class=\"story-content\">\n<h3 class=\"wp-block-heading ctlb-block-title\" style=\"padding-top:0px;padding-right:0px;padding-bottom:0px;padding-left:0px\">Acquisition des premiers actifs<\/h3>\n\n\n\n<p class=\"ctlb-block-desc\" style=\"padding-top:0px;padding-right:0px;padding-bottom:0px;padding-left:0px\">Serge Gagn\u00e9 se porte acqu\u00e9reur des actifs de Canada Steel Molds, une division de la compagnie American Biltrite qui se sp\u00e9cialise dans la fabrication de moules. En compagnie de deux autres actionnaires, il fonde les Industries GLP (Gagn\u00e9 \u2013 L\u2019Heureux \u2013 Poulin) et sous-traite des contrats de design et de fabrication de moules.<\/p>\n<\/div><\/div><\/div><\/div><\/div><\/div>\n\n\n\n<div class=\"wp-block-cp-timeline-content-timeline-child swiper-slide\"><div class=\"timeline-content icon-false \"><div class=\"timeline-block-timeline ctl-row  position-left\"><div class=\"ctl-6 timeline-block-time\"><div class=\"story-time\"><p>1977<\/p><\/div><\/div><div class=\"timeline-block-icon\"><svg stroke=\"currentColor\" fill=\"currentColor\" stroke-width=\"0\" viewBox=\"0 0 512 512\" height=\"1em\" width=\"1em\" xmlns=\"http:\/\/www.w3.org\/2000\/svg\"><path d=\"M256 8C119 8 8 119 8 256s111 248 248 248 248-111 248-248S393 8 256 8z\"><\/path><\/svg><\/div><div class=\"ctl-6 timeline-block-detail\"><div class=\"story-details\"><div class=\"story-content\">\n<h3 class=\"wp-block-heading ctlb-block-title\" style=\"padding-top:0px;padding-right:0px;padding-bottom:0px;padding-left:0px\">Premi\u00e8res presses \u00e0 injection<\/h3>\n\n\n\n<p class=\"ctlb-block-desc\" style=\"padding-top:0px;padding-right:0px;padding-bottom:0px;padding-left:0px\">Dans le but de mieux r\u00e9pondre aux besoins de ses clients, GLP fait l\u2019acquisition de deux presses \u00e0 injection. Avec ces presses, le rodage et l\u2019ajustement final des moules peuvent maintenant \u00eatre effectu\u00e9s sur place. Cette acquisition offre \u00e9galement l\u2019occasion de commencer \u00e0 produire des pi\u00e8ces en petite quantit\u00e9 pour certaines situations. La demande augmente rapidement et, bient\u00f4t, d\u2019autres presses s\u2019ajoutent.<\/p>\n<\/div><\/div><\/div><\/div><\/div><\/div>\n\n\n\n<div class=\"wp-block-cp-timeline-content-timeline-child swiper-slide\"><div class=\"timeline-content icon-false \"><div class=\"timeline-block-timeline ctl-row  position-right\"><div class=\"ctl-6 timeline-block-time\"><div class=\"story-time\"><p>1985<\/p><\/div><\/div><div class=\"timeline-block-icon\"><svg stroke=\"currentColor\" fill=\"currentColor\" stroke-width=\"0\" viewBox=\"0 0 512 512\" height=\"1em\" width=\"1em\" xmlns=\"http:\/\/www.w3.org\/2000\/svg\"><path d=\"M256 8C119 8 8 119 8 256s111 248 248 248 248-111 248-248S393 8 256 8z\"><\/path><\/svg><\/div><div class=\"ctl-6 timeline-block-detail\"><div class=\"story-details\"><div class=\"story-content\">\n<h3 class=\"wp-block-heading ctlb-block-title\" style=\"padding-top:0px;padding-right:0px;padding-bottom:0px;padding-left:0px\">Nouveau b\u00e2timent, nouvelle entreprise<\/h3>\n\n\n\n<p class=\"ctlb-block-desc\" style=\"padding-top:0px;padding-right:0px;padding-bottom:0px;padding-left:0px\">La production de pi\u00e8ces de plastique ne cesse de cro\u00eetre et GLP a le vent dans les voiles. La forte croissance de l\u2019entreprise dans les derni\u00e8res ann\u00e9es pousse ses dirigeants vers l\u2019acquisition d\u2019un deuxi\u00e8me b\u00e2timent et la fondation d\u2019une deuxi\u00e8me entreprise. Ce nouvel espace et cette nouvelle entreprise sont enti\u00e8rement d\u00e9di\u00e9s au moulage par injection de thermoplastique.<\/p>\n<\/div><\/div><\/div><\/div><\/div><\/div>\n\n\n\n<div class=\"wp-block-cp-timeline-content-timeline-child swiper-slide\"><div class=\"timeline-content icon-false \"><div class=\"timeline-block-timeline ctl-row  position-left\"><div class=\"ctl-6 timeline-block-time\"><div class=\"story-time\"><p>1990<\/p><\/div><\/div><div class=\"timeline-block-icon\"><svg stroke=\"currentColor\" fill=\"currentColor\" stroke-width=\"0\" viewBox=\"0 0 512 512\" height=\"1em\" width=\"1em\" xmlns=\"http:\/\/www.w3.org\/2000\/svg\"><path d=\"M256 8C119 8 8 119 8 256s111 248 248 248 248-111 248-248S393 8 256 8z\"><\/path><\/svg><\/div><div class=\"ctl-6 timeline-block-detail\"><div class=\"story-details\"><div class=\"story-content\">\n<h3 class=\"wp-block-heading ctlb-block-title\" style=\"padding-top:0px;padding-right:0px;padding-bottom:0px;padding-left:0px\">Groupe GLP<\/h3>\n\n\n\n<p class=\"ctlb-block-desc\" style=\"padding-top:0px;padding-right:0px;padding-bottom:0px;padding-left:0px\">Ayant toujours la m\u00eame vision, celle d\u2019offrir un service complet \u00e0 sa client\u00e8le, M. Gagn\u00e9 r\u00e9unit ses deux entreprises sous un m\u00eame toit et y ajoute un d\u00e9partement d\u2019ing\u00e9nierie. Les Industries GLP deviennent Groupe GLP. Restructur\u00e9e, l\u2019entreprise modernise ses \u00e9quipements et logiciels et se taille rapidement une place enviable dans son secteur d\u2019activit\u00e9. Les clients croissent en nombre et en envergure.<\/p>\n<\/div><\/div><\/div><\/div><\/div><\/div>\n\n\n\n<div class=\"wp-block-cp-timeline-content-timeline-child swiper-slide\"><div class=\"timeline-content icon-false \"><div class=\"timeline-block-timeline ctl-row  position-right\"><div class=\"ctl-6 timeline-block-time\"><div class=\"story-time\"><p>1993<\/p><\/div><\/div><div class=\"timeline-block-icon\"><svg stroke=\"currentColor\" fill=\"currentColor\" stroke-width=\"0\" viewBox=\"0 0 512 512\" height=\"1em\" width=\"1em\" xmlns=\"http:\/\/www.w3.org\/2000\/svg\"><path d=\"M256 8C119 8 8 119 8 256s111 248 248 248 248-111 248-248S393 8 256 8z\"><\/path><\/svg><\/div><div class=\"ctl-6 timeline-block-detail\"><div class=\"story-details\"><div class=\"story-content\">\n<h3 class=\"wp-block-heading ctlb-block-title\" style=\"padding-top:0px;padding-right:0px;padding-bottom:0px;padding-left:0px\">Innovation et savoir-faire<\/h3>\n\n\n\n<p class=\"ctlb-block-desc\" style=\"padding-top:0px;padding-right:0px;padding-bottom:0px;padding-left:0px\">Les sommes importantes investies au cours des derni\u00e8res ann\u00e9es ainsi que l\u2019embauche de personnel soutiennent le d\u00e9veloppement de nouvelles techniques et de savoirs uniques. Leader dans son domaine, GLP d\u00e9veloppe des techniques de surmoulage pour des produits \u00e9lectriques dans le secteur de l\u2019\u00e9nergie qui seront brevet\u00e9s.<br><\/p>\n<\/div><\/div><\/div><\/div><\/div><\/div>\n\n\n\n<div class=\"wp-block-cp-timeline-content-timeline-child swiper-slide\"><div class=\"timeline-content icon-false \"><div class=\"timeline-block-timeline ctl-row  position-left\"><div class=\"ctl-6 timeline-block-time\"><div class=\"story-time\"><p>2006<\/p><\/div><\/div><div class=\"timeline-block-icon\"><svg stroke=\"currentColor\" fill=\"currentColor\" stroke-width=\"0\" viewBox=\"0 0 512 512\" height=\"1em\" width=\"1em\" xmlns=\"http:\/\/www.w3.org\/2000\/svg\"><path d=\"M256 8C119 8 8 119 8 256s111 248 248 248 248-111 248-248S393 8 256 8z\"><\/path><\/svg><\/div><div class=\"ctl-6 timeline-block-detail\"><div class=\"story-details\"><div class=\"story-content\">\n<h3 class=\"wp-block-heading ctlb-block-title\" style=\"padding-top:0px;padding-right:0px;padding-bottom:0px;padding-left:0px\">13\u2009000 pi<sup>2<\/sup> de plus<\/h3>\n\n\n\n<p class=\"ctlb-block-desc\" style=\"padding-top:0px;padding-right:0px;padding-bottom:0px;padding-left:0px\">GLP conna\u00eet une belle croissance et le manque d\u2019espace se fait \u00e0 nouveau sentir. L\u2019entreprise ajoute 13\u2009000 pi<sup>2<\/sup> \u00e0 son usine. Cet espace suppl\u00e9mentaire est enti\u00e8rement d\u00e9di\u00e9 au moulage par injection. L\u2019entreprise accro\u00eet sa capacit\u00e9 de production et la relation de confiance qui s\u2019\u00e9tablit avec chacun de ses clients est une grande source de fiert\u00e9.<\/p>\n<\/div><\/div><\/div><\/div><\/div><\/div>\n\n\n\n<div class=\"wp-block-cp-timeline-content-timeline-child swiper-slide\"><div class=\"timeline-content icon-false \"><div class=\"timeline-block-timeline ctl-row  position-right\"><div class=\"ctl-6 timeline-block-time\"><div class=\"story-time\"><p>2010<\/p><\/div><\/div><div class=\"timeline-block-icon\"><svg stroke=\"currentColor\" fill=\"currentColor\" stroke-width=\"0\" viewBox=\"0 0 512 512\" height=\"1em\" width=\"1em\" xmlns=\"http:\/\/www.w3.org\/2000\/svg\"><path d=\"M256 8C119 8 8 119 8 256s111 248 248 248 248-111 248-248S393 8 256 8z\"><\/path><\/svg><\/div><div class=\"ctl-6 timeline-block-detail\"><div class=\"story-details\"><div class=\"story-content\">\n<h3 class=\"wp-block-heading ctlb-block-title\" style=\"padding-top:0px;padding-right:0px;padding-bottom:0px;padding-left:0px\">Moulage de prototype<\/h3>\n\n\n\n<p class=\"ctlb-block-desc\" style=\"padding-top:0px;padding-right:0px;padding-bottom:0px;padding-left:0px\">Notre \u00e9quipe d\u2019ing\u00e9nieurs \u00e9labore et d\u00e9veloppe une technologie innovante rendant possible la fabrication de pi\u00e8ces de prototype moul\u00e9es par injection. Le nouveau service de prototypage est d\u00e9sormais offert et la r\u00e9ponse est imm\u00e9diate! Les contrats se succ\u00e8dent. Ce nouveau service permet \u00e0 GLP d\u2019optimiser davantage son rendement et sa gamme de services.<\/p>\n<\/div><\/div><\/div><\/div><\/div><\/div>\n\n\n\n<div class=\"wp-block-cp-timeline-content-timeline-child swiper-slide\"><div class=\"timeline-content icon-false \"><div class=\"timeline-block-timeline ctl-row  position-left\"><div class=\"ctl-6 timeline-block-time\"><div class=\"story-time\"><p>2013<\/p><\/div><\/div><div class=\"timeline-block-icon\"><svg stroke=\"currentColor\" fill=\"currentColor\" stroke-width=\"0\" viewBox=\"0 0 512 512\" height=\"1em\" width=\"1em\" xmlns=\"http:\/\/www.w3.org\/2000\/svg\"><path d=\"M256 8C119 8 8 119 8 256s111 248 248 248 248-111 248-248S393 8 256 8z\"><\/path><\/svg><\/div><div class=\"ctl-6 timeline-block-detail\"><div class=\"story-details\"><div class=\"story-content\">\n<h3 class=\"wp-block-heading ctlb-block-title\" style=\"padding-top:0px;padding-right:0px;padding-bottom:0px;padding-left:0px\">Naissance de StepOne<\/h3>\n\n\n\n<p class=\"ctlb-block-desc\" style=\"padding-top:0px;padding-right:0px;padding-bottom:0px;padding-left:0px\">Le moulage de prototype se peaufine et devient une marque \u00e0 part enti\u00e8re : c\u2019est la naissance de StepOne. Cette technologie permet la production de prototypes en v\u00e9ritable thermoplastique moul\u00e9s sans aucun investissement pour la fabrication d\u2019un moule. Le manque d\u2019espace est de retour et un agrandissement de 20\u2009000 pi<sup>2<\/sup> s\u2019ajoute \u00e0 la superficie existante.<\/p>\n<\/div><\/div><\/div><\/div><\/div><\/div>\n\n\n\n<div class=\"wp-block-cp-timeline-content-timeline-child swiper-slide\"><div class=\"timeline-content icon-false \"><div class=\"timeline-block-timeline ctl-row  position-right\"><div class=\"ctl-6 timeline-block-time\"><div class=\"story-time\"><p>2014<\/p><\/div><\/div><div class=\"timeline-block-icon\"><svg stroke=\"currentColor\" fill=\"currentColor\" stroke-width=\"0\" viewBox=\"0 0 512 512\" height=\"1em\" width=\"1em\" xmlns=\"http:\/\/www.w3.org\/2000\/svg\"><path d=\"M256 8C119 8 8 119 8 256s111 248 248 248 248-111 248-248S393 8 256 8z\"><\/path><\/svg><\/div><div class=\"ctl-6 timeline-block-detail\"><div class=\"story-details\"><div class=\"story-content\">\n<h3 class=\"wp-block-heading ctlb-block-title\" style=\"padding-top:0px;padding-right:0px;padding-bottom:0px;padding-left:0px\">Acquisition et investissement<\/h3>\n\n\n\n<p class=\"ctlb-block-desc\" style=\"padding-top:0px;padding-right:0px;padding-bottom:0px;padding-left:0px\">GLP fait l\u2019acquisition de l\u2019entreprise Brasmold, sp\u00e9cialis\u00e9e dans la texturisation de moules. Le nom \u00ab&nbsp;Brasmold&nbsp;\u00bb est gard\u00e9 et devient la marque de cette nouvelle technologie au sein de l\u2019entreprise. GLP poursuit ses investissements avec l\u2019achat de plusieurs nouvelles presses \u00e0 injection lui permettant d\u2019atteindre une capacit\u00e9 de 1\u2009000 tonnes.<\/p>\n<\/div><\/div><\/div><\/div><\/div><\/div>\n\n\n\n<div class=\"wp-block-cp-timeline-content-timeline-child swiper-slide\"><div class=\"timeline-content icon-false \"><div class=\"timeline-block-timeline ctl-row  position-left\"><div class=\"ctl-6 timeline-block-time\"><div class=\"story-time\"><p>2015<\/p><\/div><\/div><div class=\"timeline-block-icon\"><svg stroke=\"currentColor\" fill=\"currentColor\" stroke-width=\"0\" viewBox=\"0 0 512 512\" height=\"1em\" width=\"1em\" xmlns=\"http:\/\/www.w3.org\/2000\/svg\"><path d=\"M256 8C119 8 8 119 8 256s111 248 248 248 248-111 248-248S393 8 256 8z\"><\/path><\/svg><\/div><div class=\"ctl-6 timeline-block-detail\"><div class=\"story-details\"><div class=\"story-content\">\n<h3 class=\"wp-block-heading ctlb-block-title\" style=\"padding-top:0px;padding-right:0px;padding-bottom:0px;padding-left:0px\">Plus d\u2019espace et plus d\u2019\u00e9quipements<\/h3>\n\n\n\n<p class=\"ctlb-block-desc\" style=\"padding-top:0px;padding-right:0px;padding-bottom:0px;padding-left:0px\">La croissance de l\u2019entreprise se maintient et n\u00e9cessite \u00e0 nouveau plus d\u2019espace. Un entrep\u00f4t de 45\u2009000 pi<sup>2<\/sup> est ajout\u00e9 pour r\u00e9pondre au besoin d\u2019entreposage de pi\u00e8ces et de moules. De 2015 \u00e0 2017, plusieurs autres \u00e9quipements sont ajout\u00e9s. Ces nouvelles machines engendrent une augmentation notable de la capacit\u00e9 de production de l\u2019ordre de 25 %.<\/p>\n<\/div><\/div><\/div><\/div><\/div><\/div>\n\n\n\n<div class=\"wp-block-cp-timeline-content-timeline-child swiper-slide\"><div class=\"timeline-content icon-false \"><div class=\"timeline-block-timeline ctl-row  position-right\"><div class=\"ctl-6 timeline-block-time\"><div class=\"story-time\"><p>2018<\/p><\/div><\/div><div class=\"timeline-block-icon\"><svg stroke=\"currentColor\" fill=\"currentColor\" stroke-width=\"0\" viewBox=\"0 0 512 512\" height=\"1em\" width=\"1em\" xmlns=\"http:\/\/www.w3.org\/2000\/svg\"><path d=\"M256 8C119 8 8 119 8 256s111 248 248 248 248-111 248-248S393 8 256 8z\"><\/path><\/svg><\/div><div class=\"ctl-6 timeline-block-detail\"><div class=\"story-details\"><div class=\"story-content\">\n<h3 class=\"wp-block-heading ctlb-block-title\" style=\"padding-top:0px;padding-right:0px;padding-bottom:0px;padding-left:0px\">Texturisation au laser<\/h3>\n\n\n\n<p class=\"ctlb-block-desc\" style=\"padding-top:0px;padding-right:0px;padding-bottom:0px;padding-left:0px\">La texturisation de moules, qui s\u2019effectuait jusqu\u2019\u00e0 pr\u00e9sent par un proc\u00e9d\u00e9 chimique, conna\u00eet une avanc\u00e9e technologique avec l\u2019introduction du laser. Nos ing\u00e9nieurs et techniciens implantent la technologie de texturisation au laser pour notre marque Brasmold. La texturisation au laser offre des options de finition qui n\u2019\u00e9taient pas possibles d\u2019obtenir avant cela.<\/p>\n<\/div><\/div><\/div><\/div><\/div><\/div>\n\n\n\n<div class=\"wp-block-cp-timeline-content-timeline-child swiper-slide\"><div class=\"timeline-content icon-false \"><div class=\"timeline-block-timeline ctl-row  position-left\"><div class=\"ctl-6 timeline-block-time\"><div class=\"story-time\"><p>2020<\/p><\/div><\/div><div class=\"timeline-block-icon\"><svg stroke=\"currentColor\" fill=\"currentColor\" stroke-width=\"0\" viewBox=\"0 0 512 512\" height=\"1em\" width=\"1em\" xmlns=\"http:\/\/www.w3.org\/2000\/svg\"><path d=\"M256 8C119 8 8 119 8 256s111 248 248 248 248-111 248-248S393 8 256 8z\"><\/path><\/svg><\/div><div class=\"ctl-6 timeline-block-detail\"><div class=\"story-details\"><div class=\"story-content\">\n<h3 class=\"wp-block-heading ctlb-block-title\" style=\"padding-top:0px;padding-right:0px;padding-bottom:0px;padding-left:0px\">\u00c9quipements de gros tonnage<\/h3>\n\n\n\n<p class=\"ctlb-block-desc\" style=\"padding-top:0px;padding-right:0px;padding-bottom:0px;padding-left:0px\">Depuis 2020, GLP a mis\u00e9 sur des investissements majeurs pour soutenir sa croissance et sa vision d\u2019offrir le meilleur service \u00e0 ses clients. Un investissement de 3,5 M$ pour l\u2019agrandissement de l\u2019usine ainsi qu\u2019un investissement de 3 M$ pour l\u2019ajout de 2 presses \u00e0 injection de 1\u2009500&nbsp;tonnes de capacit\u00e9 ont permis \u00e0 l\u2019entreprise de conserver sa position de leader et d\u2019augmenter sa capacit\u00e9 de moulage de 15 %.<\/p>\n<\/div><\/div><\/div><\/div><\/div><\/div>\n\n\n\n<div class=\"wp-block-cp-timeline-content-timeline-child swiper-slide\"><div class=\"timeline-content icon-false \"><div class=\"timeline-block-timeline ctl-row  position-right\"><div class=\"ctl-6 timeline-block-time\"><div class=\"story-time\"><p>2023<\/p><\/div><\/div><div class=\"timeline-block-icon\"><svg stroke=\"currentColor\" fill=\"currentColor\" stroke-width=\"0\" viewBox=\"0 0 512 512\" height=\"1em\" width=\"1em\" xmlns=\"http:\/\/www.w3.org\/2000\/svg\"><path d=\"M256 8C119 8 8 119 8 256s111 248 248 248 248-111 248-248S393 8 256 8z\"><\/path><\/svg><\/div><div class=\"ctl-6 timeline-block-detail\"><div class=\"story-details\"><div class=\"story-content\">\n<h3 class=\"wp-block-heading ctlb-block-title\" style=\"padding-top:0px;padding-right:0px;padding-bottom:0px;padding-left:0px\">Addition d\u2019un entrep\u00f4t<\/h3>\n\n\n\n<p class=\"ctlb-block-desc\" style=\"padding-top:0px;padding-right:0px;padding-bottom:0px;padding-left:0px\">La capacit\u00e9 de moulage ayant \u00e9t\u00e9 augment\u00e9e dans les derni\u00e8res ann\u00e9es, l\u2019acquisition d\u2019une b\u00e2tisse de 83&nbsp;000 pi<sup>2 <\/sup>devenait n\u00e9cessaire pour entreposer les produits finis et les mati\u00e8res premi\u00e8res servant \u00e0 la production.<\/p>\n<\/div><\/div><\/div><\/div><\/div><\/div>\n<\/div><\/div><\/div><\/div>\n<\/div>\n<\/div>\n\n\n\n<div class=\"wp-block-columns is-layout-flex wp-container-core-columns-is-layout-9d6595d7 wp-block-columns-is-layout-flex\">\n<div class=\"wp-block-column is-layout-flow wp-block-column-is-layout-flow\">\n<h2 class=\"wp-block-heading\"><strong>Redonner, une seconde nature<\/strong><\/h2>\n\n\n\n<p>\u00c0 notre parcours en entreprise s\u2019est \u00e9galement greff\u00e9e une implication sociale dans notre communaut\u00e9 qui fait vibrer nos valeurs d\u2019entraide envers les autres et de partage en dehors de nos installations. C\u2019est important pour nous de redonner et c\u2019est avec c\u0153ur que nous contribuons \u00e0 la mission de plusieurs organismes, dont la Fondation Sant\u00e9 Haut-Richelieu \u2013 Rouville, la Soci\u00e9t\u00e9 de Saint-Vincent-de-Paul, L\u2019\u00c9toile P\u00e9diatrie sociale en communaut\u00e9 du Haut-Richelieu, la Fondation C\u00e9gep Saint-Jean-sur-Richelieu et la Journ\u00e9e Cure pour le cancer du sein.<\/p>\n<\/div>\n<\/div>\n","protected":false},"excerpt":{"rendered":"<p>De la fabrication de moules \u00e0 la production de millions de pi\u00e8ces par ann\u00e9e, notre histoire est \u00e9troitement li\u00e9e \u00e0 notre motivation de toujours faire mieux. Aujourd\u2019hui, c\u2019est plus de 150&nbsp;employ\u00e9s qui s\u2019investissent dans leur travail et qui donnent vie aux valeurs d\u2019entraide et de partage qui se sont naturellement install\u00e9es dans notre entreprise. Nous &hellip; <a href=\"https:\/\/glphi-tech.com\/fr\/notre-histoire\/\">Continued<\/a><\/p>\n","protected":false},"author":1,"featured_media":730,"parent":0,"menu_order":0,"comment_status":"closed","ping_status":"closed","template":"","meta":{"_acf_changed":false,"inline_featured_image":false,"footnotes":""},"class_list":["post-280","page","type-page","status-publish","has-post-thumbnail","hentry"],"acf":[],"_links":{"self":[{"href":"https:\/\/glphi-tech.com\/fr\/wp-json\/wp\/v2\/pages\/280","targetHints":{"allow":["GET"]}}],"collection":[{"href":"https:\/\/glphi-tech.com\/fr\/wp-json\/wp\/v2\/pages"}],"about":[{"href":"https:\/\/glphi-tech.com\/fr\/wp-json\/wp\/v2\/types\/page"}],"author":[{"embeddable":true,"href":"https:\/\/glphi-tech.com\/fr\/wp-json\/wp\/v2\/users\/1"}],"replies":[{"embeddable":true,"href":"https:\/\/glphi-tech.com\/fr\/wp-json\/wp\/v2\/comments?post=280"}],"version-history":[{"count":5,"href":"https:\/\/glphi-tech.com\/fr\/wp-json\/wp\/v2\/pages\/280\/revisions"}],"predecessor-version":[{"id":920,"href":"https:\/\/glphi-tech.com\/fr\/wp-json\/wp\/v2\/pages\/280\/revisions\/920"}],"wp:featuredmedia":[{"embeddable":true,"href":"https:\/\/glphi-tech.com\/fr\/wp-json\/wp\/v2\/media\/730"}],"wp:attachment":[{"href":"https:\/\/glphi-tech.com\/fr\/wp-json\/wp\/v2\/media?parent=280"}],"curies":[{"name":"wp","href":"https:\/\/api.w.org\/{rel}","templated":true}]}}