{"id":441,"date":"2024-02-08T16:05:55","date_gmt":"2024-02-08T21:05:55","guid":{"rendered":"http:\/\/localhost\/contact-us\/"},"modified":"2024-04-02T12:00:06","modified_gmt":"2024-04-02T16:00:06","slug":"nous-joindre","status":"publish","type":"page","link":"https:\/\/glphi-tech.com\/fr\/nous-joindre\/","title":{"rendered":"Nous joindre"},"content":{"rendered":"\n<div class=\"wp-block-columns is-layout-flex wp-container-core-columns-is-layout-9d6595d7 wp-block-columns-is-layout-flex\">\n<div class=\"wp-block-column is-layout-flow wp-block-column-is-layout-flow\">\n<h2 class=\"wp-block-heading\"><strong>Mat\u00e9rialisons ensemble votre vision<\/strong><\/h2>\n\n\n\n<p>Nous produisons chaque ann\u00e9e des millions de pi\u00e8ces de haute qualit\u00e9 en thermoplastique. Notre offre de service compl\u00e8te permet d\u2019accompagner nos clients au travers de toutes les \u00e9tapes de la fabrication de pi\u00e8ces. Tout projet peut \u00eatre r\u00e9alis\u00e9 de A \u00e0 Z dans nos installations gr\u00e2ce aux diverses expertises telles que la&nbsp;<a href=\"\/fr\/texturisation-de-moule\/\">texturisation <\/a>et la <a href=\"\/fr\/design-et-fabrication-de-moule\/\">fabrication de moule<\/a> qui se greffent au <a href=\"\/fr\/moulage-par-injection\/\">moulage par injection<\/a>.<\/p>\n\n\n\n<h2 class=\"wp-block-heading\"><strong>Vous avez une question?<\/strong><\/h2>\n\n\n\n<p>Pour obtenir les informations dont vous avez besoin, communiquez avec notre \u00e9quipe.<\/p>\n<\/div>\n<\/div>\n\n\n\n<div class=\"wp-block-columns is-layout-flex wp-container-core-columns-is-layout-9d6595d7 wp-block-columns-is-layout-flex\">\n<div class=\"wp-block-column is-layout-flow wp-block-column-is-layout-flow\">\n<h3 class=\"wp-block-heading\">D\u00e9tails<\/h3>\n\n\n\n<p>440, rue Saint-Michel<br>Saint-Jean-sur-Richelieu (Qu\u00e9bec) Canada&nbsp;<br>J3B 1T4<\/p>\n\n\n\n<p>T\u00e9l\u00e9phone : <a href=\"tel:4503484918\">450-348-4918<\/a><br>Sans frais : <a href=\"tel:18006654457\">1-800-665-4457<\/a><br>T\u00e9l\u00e9copieur : 450-348-9568<\/p>\n\n\n\n<p>Courriel : <a href=\"mailto:glp@glphi-tech.com\">glp@glphi-tech.com<\/a><br><br><\/p>\n<\/div>\n\n\n\n<div class=\"wp-block-column is-layout-flow wp-block-column-is-layout-flow\">\n<figure class=\"wp-block-image size-full\"><img loading=\"lazy\" decoding=\"async\" width=\"1920\" height=\"1080\" src=\"http:\/\/localhost\/app\/uploads\/2024\/02\/contact-1.webp\" alt=\"\" class=\"wp-image-715\" srcset=\"https:\/\/glphi-tech.com\/\/app\/uploads\/2024\/02\/contact-1.webp 1920w, https:\/\/glphi-tech.com\/\/app\/uploads\/2024\/02\/contact-1-300x169.webp 300w, https:\/\/glphi-tech.com\/\/app\/uploads\/2024\/02\/contact-1-768x432.webp 768w, https:\/\/glphi-tech.com\/\/app\/uploads\/2024\/02\/contact-1-1536x864.webp 1536w\" sizes=\"auto, (max-width: 1920px) 100vw, 1920px\" \/><\/figure>\n<\/div>\n<\/div>\n","protected":false},"excerpt":{"rendered":"<p>Mat\u00e9rialisons ensemble votre vision Nous produisons chaque ann\u00e9e des millions de pi\u00e8ces de haute qualit\u00e9 en thermoplastique. Notre offre de service compl\u00e8te permet d\u2019accompagner nos clients au travers de toutes les \u00e9tapes de la fabrication de pi\u00e8ces. Tout projet peut \u00eatre r\u00e9alis\u00e9 de A \u00e0 Z dans nos installations gr\u00e2ce aux diverses expertises telles que &hellip; <a href=\"https:\/\/glphi-tech.com\/fr\/nous-joindre\/\">Continued<\/a><\/p>\n","protected":false},"author":1,"featured_media":0,"parent":0,"menu_order":0,"comment_status":"closed","ping_status":"closed","template":"","meta":{"_acf_changed":false,"inline_featured_image":false,"footnotes":""},"class_list":["post-441","page","type-page","status-publish","hentry"],"acf":[],"_links":{"self":[{"href":"https:\/\/glphi-tech.com\/fr\/wp-json\/wp\/v2\/pages\/441","targetHints":{"allow":["GET"]}}],"collection":[{"href":"https:\/\/glphi-tech.com\/fr\/wp-json\/wp\/v2\/pages"}],"about":[{"href":"https:\/\/glphi-tech.com\/fr\/wp-json\/wp\/v2\/types\/page"}],"author":[{"embeddable":true,"href":"https:\/\/glphi-tech.com\/fr\/wp-json\/wp\/v2\/users\/1"}],"replies":[{"embeddable":true,"href":"https:\/\/glphi-tech.com\/fr\/wp-json\/wp\/v2\/comments?post=441"}],"version-history":[{"count":7,"href":"https:\/\/glphi-tech.com\/fr\/wp-json\/wp\/v2\/pages\/441\/revisions"}],"predecessor-version":[{"id":918,"href":"https:\/\/glphi-tech.com\/fr\/wp-json\/wp\/v2\/pages\/441\/revisions\/918"}],"wp:attachment":[{"href":"https:\/\/glphi-tech.com\/fr\/wp-json\/wp\/v2\/media?parent=441"}],"curies":[{"name":"wp","href":"https:\/\/api.w.org\/{rel}","templated":true}]}}