{"id":445,"date":"2024-01-30T13:06:47","date_gmt":"2024-01-30T18:06:47","guid":{"rendered":"http:\/\/localhost\/engineering-and-development\/"},"modified":"2024-03-25T14:14:27","modified_gmt":"2024-03-25T18:14:27","slug":"ingenierie-et-developpement","status":"publish","type":"page","link":"https:\/\/glphi-tech.com\/fr\/ingenierie-et-developpement\/","title":{"rendered":"Ing\u00e9nierie et d\u00e9veloppement"},"content":{"rendered":"\n<div class=\"wp-block-group is-layout-constrained wp-block-group-is-layout-constrained\">\n<div class=\"wp-block-columns is-layout-flex wp-container-core-columns-is-layout-9d6595d7 wp-block-columns-is-layout-flex\">\n<div class=\"wp-block-column is-layout-flow wp-block-column-is-layout-flow\">\n<p class=\"has-xl-font-size\">Chez GLP, le travail d\u2019ing\u00e9nierie et de d\u00e9veloppement li\u00e9 au moulage par injection occupe une place centrale. Toujours \u00e0 l\u2019aff\u00fbt des derniers progr\u00e8s en mati\u00e8re de techniques d\u2019usinage et de moulage des thermoplastiques, notre \u00e9quipe d\u2019ing\u00e9nieurs s\u2019affaire \u00e0 innover et \u00e0 repousser les limites de la conception et du d\u00e9veloppement de nouvelles techniques. Ils sont pr\u00e9sents \u00e0 chaque \u00e9tape de nos processus de fabrication et de production.<\/p>\n<\/div>\n<\/div>\n<\/div>\n\n\n\n<div class=\"wp-block-group is-layout-constrained wp-block-group-is-layout-constrained\">\n<figure class=\"wp-block-image size-large\"><img loading=\"lazy\" decoding=\"async\" width=\"2500\" height=\"1668\" src=\"http:\/\/localhost\/app\/uploads\/2024\/02\/engineering-and-development_content-1-2500x1668.webp\" alt=\"\" class=\"wp-image-370\" srcset=\"https:\/\/glphi-tech.com\/\/app\/uploads\/2024\/02\/engineering-and-development_content-1-2500x1668.webp 2500w, https:\/\/glphi-tech.com\/\/app\/uploads\/2024\/02\/engineering-and-development_content-1-300x200.webp 300w, https:\/\/glphi-tech.com\/\/app\/uploads\/2024\/02\/engineering-and-development_content-1-768x513.webp 768w, https:\/\/glphi-tech.com\/\/app\/uploads\/2024\/02\/engineering-and-development_content-1-1536x1025.webp 1536w, https:\/\/glphi-tech.com\/\/app\/uploads\/2024\/02\/engineering-and-development_content-1-2048x1367.webp 2048w\" sizes=\"auto, (max-width: 2500px) 100vw, 2500px\" \/><\/figure>\n\n\n\n<div class=\"wp-block-columns is-layout-flex wp-container-core-columns-is-layout-9d6595d7 wp-block-columns-is-layout-flex\">\n<div class=\"wp-block-column is-layout-flow wp-block-column-is-layout-flow\">\n<h2 class=\"wp-block-heading\"><strong><strong>Mat\u00e9rialiser votre vision<\/strong><\/strong><\/h2>\n\n\n\n<p>Le processus de moulage par injection est complexe. Il n\u00e9cessite une expertise approfondie pour transformer des concepts en pi\u00e8ce bien r\u00e9elle et fonctionnelle. Notre \u00e9quipe travaille en \u00e9troite collaboration avec vous afin de comprendre vos besoins sp\u00e9cifiques et de mettre l\u2019accent sur la faisabilit\u00e9 technique et l\u2019optimisation du design pour la production en s\u00e9rie. Gr\u00e2ce \u00e0 l\u2019utilisation de technologies avanc\u00e9es comme le logiciel de simulation Moldflow, la num\u00e9risation 3D et l\u2019automatisation, notre \u00e9quipe utilise et cr\u00e9e des outils virtuels qui permettent une visualisation d\u00e9taill\u00e9e et une analyse approfondie des pi\u00e8ces avant sa fabrication r\u00e9elle.<\/p>\n\n\n\n<p>Quel que soit le niveau de complexit\u00e9 de votre projet, notre \u00e9quipe vous assiste dans la conception des pi\u00e8ces, le choix des mat\u00e9riaux et l\u2019optimisation du concept en pr\u00e9vision du moulage. Nos ing\u00e9nieurs et nos techniciens vous apportent soutien, expertise et conseils de la conception jusqu\u2019\u00e0 l\u2019ajustement final des moules et du moulage de vos pi\u00e8ces.<\/p>\n<\/div>\n<\/div>\n<\/div>\n\n\n<div class=\"block3d\"> \n\t\t\n\t\t<div class=\"containerImg\">\n            <div class=\"image\" data-type=\"background\" style=\"background-image:url(https:\/\/glphi-tech.com\/\/app\/uploads\/2024\/02\/Comp-culotte-1-1024x757.webp)\">\n            <\/div>\n            <span class=\"legende\">Dimensions : 4 3\/4\u2019\u2019 x 1\u2019\u2019 x 7\/8\u2019\u2019<\/span>\n    <\/div>\n\n\t\t<div class=\"droite\"><h4>D\u00e9charges de traction pour c\u00e2bles<\/h4>\n<h5>Moulage par injection<\/h5>\n<p>S\u00e9curisation des assemblages avec des serre-c\u00e2bles en \u00e9lastom\u00e8res. Procure flexibilit\u00e9 et confort.<\/p>\n<\/div>\n\n<\/div>\n\n","protected":false},"excerpt":{"rendered":"<p>Chez GLP, le travail d\u2019ing\u00e9nierie et de d\u00e9veloppement li\u00e9 au moulage par injection occupe une place centrale. Toujours \u00e0 l\u2019aff\u00fbt des derniers progr\u00e8s en mati\u00e8re de techniques d\u2019usinage et de moulage des thermoplastiques, notre \u00e9quipe d\u2019ing\u00e9nieurs s\u2019affaire \u00e0 innover et \u00e0 repousser les limites de la conception et du d\u00e9veloppement de nouvelles techniques. Ils sont &hellip; <a href=\"https:\/\/glphi-tech.com\/fr\/ingenierie-et-developpement\/\">Continued<\/a><\/p>\n","protected":false},"author":1,"featured_media":369,"parent":0,"menu_order":0,"comment_status":"closed","ping_status":"closed","template":"","meta":{"_acf_changed":false,"inline_featured_image":false,"footnotes":""},"class_list":["post-445","page","type-page","status-publish","has-post-thumbnail","hentry"],"acf":[],"_links":{"self":[{"href":"https:\/\/glphi-tech.com\/fr\/wp-json\/wp\/v2\/pages\/445","targetHints":{"allow":["GET"]}}],"collection":[{"href":"https:\/\/glphi-tech.com\/fr\/wp-json\/wp\/v2\/pages"}],"about":[{"href":"https:\/\/glphi-tech.com\/fr\/wp-json\/wp\/v2\/types\/page"}],"author":[{"embeddable":true,"href":"https:\/\/glphi-tech.com\/fr\/wp-json\/wp\/v2\/users\/1"}],"replies":[{"embeddable":true,"href":"https:\/\/glphi-tech.com\/fr\/wp-json\/wp\/v2\/comments?post=445"}],"version-history":[{"count":9,"href":"https:\/\/glphi-tech.com\/fr\/wp-json\/wp\/v2\/pages\/445\/revisions"}],"predecessor-version":[{"id":896,"href":"https:\/\/glphi-tech.com\/fr\/wp-json\/wp\/v2\/pages\/445\/revisions\/896"}],"wp:featuredmedia":[{"embeddable":true,"href":"https:\/\/glphi-tech.com\/fr\/wp-json\/wp\/v2\/media\/369"}],"wp:attachment":[{"href":"https:\/\/glphi-tech.com\/fr\/wp-json\/wp\/v2\/media?parent=445"}],"curies":[{"name":"wp","href":"https:\/\/api.w.org\/{rel}","templated":true}]}}