{"id":449,"date":"2024-01-30T13:06:33","date_gmt":"2024-01-30T18:06:33","guid":{"rendered":"http:\/\/localhost\/injection-molding\/"},"modified":"2024-03-25T14:16:06","modified_gmt":"2024-03-25T18:16:06","slug":"moulage-par-injection","status":"publish","type":"page","link":"https:\/\/glphi-tech.com\/fr\/moulage-par-injection\/","title":{"rendered":"Moulage par injection"},"content":{"rendered":"\n<div class=\"wp-block-group is-layout-constrained wp-block-group-is-layout-constrained\">\n<div class=\"wp-block-columns is-layout-flex wp-container-core-columns-is-layout-9d6595d7 wp-block-columns-is-layout-flex\">\n<div class=\"wp-block-column is-layout-flow wp-block-column-is-layout-flow\">\n<p class=\"has-xl-font-size\">Avec l\u2019acquisition de 2 premi\u00e8res presses en 1977, GLP se lance dans l\u2019aventure du moulage par injection, qui est l\u2019un des proc\u00e9d\u00e9s de fabrication les plus r\u00e9pandus de notre \u00e8re. Le processus de moulage par injection se d\u00e9roule en plusieurs \u00e9tapes cl\u00e9s. Des granul\u00e9s de mati\u00e8re plastique sont tout d\u2019abord chauff\u00e9s jusqu\u2019\u00e0 ce qu\u2019ils fondent. La mati\u00e8re plastique liquide est ensuite inject\u00e9e \u00e0 haute pression dans un moule pr\u00e9alablement con\u00e7u et fabriqu\u00e9 sur mesure. Le moule donne sa forme finale \u00e0 la mati\u00e8re plastique lorsque celle-ci refroidit et durcit. Ces \u00e9tapes s\u2019effectuent g\u00e9n\u00e9ralement en quelques secondes, permettant ainsi une production rapide et \u00e9conomique de pi\u00e8ces en s\u00e9rie.<\/p>\n\n\n\n<p>Aujourd\u2019hui, c\u2019est plus de 40 presses de moulage par injection, variant de 40 tonnes \u00e0 1500 tonnes, qui produisent des millions de pi\u00e8ces en thermoplastique chaque ann\u00e9e. Au moulage par injection s\u2019associent plusieurs services compl\u00e9mentaires qui nous permettent de vous accompagner du d\u00e9but \u00e0 la fin de votre projet si vous le souhaitez. Du travail de conception \u00e0 la livraison des pi\u00e8ces produites, toutes les \u00e9tapes peuvent \u00eatre effectu\u00e9es dans nos installations par notre \u00e9quipe multidisciplinaire regroupant plus de&nbsp;150 personnes.<\/p>\n<\/div>\n<\/div>\n<\/div>\n\n\n\n<div class=\"wp-block-group is-layout-constrained wp-block-group-is-layout-constrained\"><div class=\"block3d\"> \n\t\t\n\t\t<div class=\"containerImg\">\n            <div class=\"image\" data-type=\"background\" style=\"background-image:url(https:\/\/glphi-tech.com\/\/app\/uploads\/2024\/02\/Comp-masque-1-1024x757.webp)\">\n            <\/div>\n            <span class=\"legende\">Dimensions : 4 3\/4\u2019\u2019 x 3 1\/2\u2019\u2019 x 2 1\/4\u2019\u2019<\/span>\n    <\/div>\n\n\t\t<div class=\"droite\"><h4>Masques respiratoires<\/h4>\n<h5>Surmoulage de composants m\u00e9talliques<\/h5>\n<p>Aide les gens \u00e0 mieux respirer. Un plus pour la sant\u00e9 et le bien-\u00eatre.<\/p>\n<\/div>\n\n<\/div>\n\n<\/div>\n\n\n\n<div class=\"wp-block-group is-layout-constrained wp-block-group-is-layout-constrained\">\n<div class=\"wp-block-columns is-layout-flex wp-container-core-columns-is-layout-9d6595d7 wp-block-columns-is-layout-flex\">\n<div class=\"wp-block-column is-layout-flow wp-block-column-is-layout-flow\">\n<h2 class=\"wp-block-heading\"><strong>Divers types de moulages pour diff\u00e9rents besoins<\/strong><\/h2>\n\n\n\n<p>Selon la pi\u00e8ce \u00e0 produire, le type de moulage peut varier. Le moulage par injection standard est le type de moulage le plus courant et offre la possibilit\u00e9 de produire une grande vari\u00e9t\u00e9 de pi\u00e8ces qui peuvent \u00eatre plus simples ou tr\u00e8s complexes. Le choix de r\u00e9sine thermoplastique rigide ou \u00e9lastom\u00e8re varie \u00e9galement selon la qualit\u00e9, la rigidit\u00e9 et la durabilit\u00e9 voulues.<\/p>\n<\/div>\n<\/div>\n\n\n\n<div class=\"wp-block-columns is-layout-flex wp-container-core-columns-is-layout-9d6595d7 wp-block-columns-is-layout-flex\">\n<div class=\"wp-block-column is-layout-flow wp-block-column-is-layout-flow\">\n<h3 class=\"wp-block-heading\"><strong>Surmoulage<\/strong><\/h3>\n\n\n\n<p>Le surmoulage est un processus de fabrication dans lequel un mat\u00e9riau est moul\u00e9 par-dessus un substrat existant pour cr\u00e9er une pi\u00e8ce composite. Ce type de moulage est couramment utilis\u00e9 pour ajouter des propri\u00e9t\u00e9s sp\u00e9cifiques \u00e0 la pi\u00e8ce, comme une texture suppl\u00e9mentaire, une meilleure r\u00e9sistance \u00e0 l\u2019usure et aux chocs ou m\u00eame une fonctionnalit\u00e9 pr\u00e9cise.<\/p>\n<\/div>\n\n\n\n<div class=\"wp-block-column is-layout-flow wp-block-column-is-layout-flow\">\n<h3 class=\"wp-block-heading\"><strong>Bi-injection<\/strong><\/h3>\n\n\n\n<p>Le processus de bi-injection implique l\u2019utilisation d\u2019une machine de moulage par injection \u00e9quip\u00e9e de deux unit\u00e9s d\u2019injection distinctes. Chacune de ces unit\u00e9s d\u2019injection est charg\u00e9e avec un mat\u00e9riau diff\u00e9rent. Les deux mat\u00e9riaux sont inject\u00e9s successivement ou simultan\u00e9ment dans le moule pour cr\u00e9er une pi\u00e8ce composite avec des zones distinctes de chaque mat\u00e9riau.<\/p>\n<\/div>\n<\/div>\n\n\n\n<div class=\"wp-block-columns is-layout-flex wp-container-core-columns-is-layout-9d6595d7 wp-block-columns-is-layout-flex\">\n<div class=\"wp-block-column is-layout-flow wp-block-column-is-layout-flow\">\n<h3 class=\"wp-block-heading\"><strong><strong>Surmoulage vertical<\/strong><\/strong><\/h3>\n\n\n\n<p>Pour ce type de surmoulage, le moule est mont\u00e9 verticalement, ce qui signifie que la partie sup\u00e9rieure du moule est fix\u00e9e en haut de la machine et la partie inf\u00e9rieure, en bas. Pour certaines applications, ce type de moulage est plus appropri\u00e9 puisque nous nous servons de la gravit\u00e9 pour positionner et maintenir en place les composantes \u00e0 \u00eatre surmoul\u00e9es.<\/p>\n<\/div>\n\n\n\n<div class=\"wp-block-column is-layout-flow wp-block-column-is-layout-flow\">\n<h3 class=\"wp-block-heading\"><strong><strong>Moulage robotis\u00e9<\/strong><\/strong><\/h3>\n\n\n\n<p>Plusieurs presses de moulage sont \u00e9quip\u00e9es de bras robotis\u00e9s qui d\u00e9cuplent la capacit\u00e9 de production de la machine. Le moulage par injection assist\u00e9 par un robot s\u2019effectue en quelques secondes sans intervention humaine et garantit une constance, une rapidit\u00e9 et une productivit\u00e9 in\u00e9gal\u00e9es.<\/p>\n<\/div>\n<\/div>\n<\/div>\n\n\n\n<div class=\"wp-block-group is-layout-constrained wp-block-group-is-layout-constrained\"><div class=\"block3d\"> \n\t\t\n\t\t<div class=\"containerImg\">\n            <div class=\"image\" data-type=\"background\" style=\"background-image:url(https:\/\/glphi-tech.com\/\/app\/uploads\/2024\/02\/Comp-Fusebox-1-1024x757.webp)\">\n            <\/div>\n            <span class=\"legende\">Dimensions : 2 3\/4\u2019\u2019 x 2 1\/2\u2019\u2019 x 2\u2019\u2019<\/span>\n    <\/div>\n\n\t\t<div class=\"droite\"><h4>Pi\u00e8ces \u00e9lectriques et \u00e9nerg\u00e9tiques<\/h4>\n<h5>Surmoulage de composants m\u00e9talliques<\/h5>\n<p>Nous restons connect\u00e9s aux technologies de l\u2019\u00e9nergie.<\/p>\n<\/div>\n\n<\/div>\n\n<\/div>\n\n\n\n<div class=\"wp-block-group is-layout-constrained wp-block-group-is-layout-constrained\">\n<div class=\"wp-block-columns is-layout-flex wp-container-core-columns-is-layout-9d6595d7 wp-block-columns-is-layout-flex\">\n<div class=\"wp-block-column is-layout-flow wp-block-column-is-layout-flow\">\n<h2 class=\"wp-block-heading\"><strong>Visons la plus haute pr\u00e9cision et la meilleure qualit\u00e9<\/strong><\/h2>\n\n\n\n<p>Le moulage par injection offre des avantages significatifs, mais pour en b\u00e9n\u00e9ficier, il est primordial de placer la pr\u00e9cision et la qualit\u00e9 tout en haut de l\u2019\u00e9chelle. Une fabrication minutieuse du moule, une s\u00e9lection appropri\u00e9e du mat\u00e9riau et un contr\u00f4le pr\u00e9cis de la production sont essentiels pour garantir la qualit\u00e9 et la conformit\u00e9 aux sp\u00e9cifications du projet. Notre \u00e9quipe de l\u2019assurance qualit\u00e9 s\u2019assure de la conformit\u00e9 et de la qualit\u00e9 optimale des pi\u00e8ces tout au long du processus.<\/p>\n<\/div>\n<\/div>\n<\/div>\n\n\n\n<div class=\"wp-block-group is-layout-constrained wp-block-group-is-layout-constrained\"><div class=\"block3d\"> \n\t\t\n\t\t<div class=\"containerImg\">\n            <div class=\"image\" data-type=\"background\" style=\"background-image:url(https:\/\/glphi-tech.com\/\/app\/uploads\/2024\/02\/Comp-connerteur-1024x757.webp)\">\n            <\/div>\n            <span class=\"legende\">Dimensions : 1 1\/4\u2019\u2019 x 1 1\/8\u2019\u2019 x 5\/8\u2019\u2019<\/span>\n    <\/div>\n\n\t\t<div class=\"droite\"><h4>Connecteurs haute pression<\/h4>\n<h5>Moulage par injection<\/h5>\n<p>La s\u00e9curit\u00e9 avant tout !<\/p>\n<\/div>\n\n<\/div>\n\n<\/div>\n\n\n\n<div class=\"wp-block-group is-layout-constrained wp-block-group-is-layout-constrained\">\n<figure class=\"wp-block-image size-large\"><img loading=\"lazy\" decoding=\"async\" width=\"2500\" height=\"1668\" src=\"http:\/\/localhost\/app\/uploads\/2024\/02\/injection-molding_content-2500x1668.webp\" alt=\"\" class=\"wp-image-343\" srcset=\"https:\/\/glphi-tech.com\/\/app\/uploads\/2024\/02\/injection-molding_content-2500x1668.webp 2500w, https:\/\/glphi-tech.com\/\/app\/uploads\/2024\/02\/injection-molding_content-300x200.webp 300w, https:\/\/glphi-tech.com\/\/app\/uploads\/2024\/02\/injection-molding_content-768x513.webp 768w, https:\/\/glphi-tech.com\/\/app\/uploads\/2024\/02\/injection-molding_content-1536x1025.webp 1536w, https:\/\/glphi-tech.com\/\/app\/uploads\/2024\/02\/injection-molding_content-2048x1367.webp 2048w\" sizes=\"auto, (max-width: 2500px) 100vw, 2500px\" \/><\/figure>\n\n\n\n<div class=\"wp-block-columns is-layout-flex wp-container-core-columns-is-layout-9d6595d7 wp-block-columns-is-layout-flex\">\n<div class=\"wp-block-column is-layout-flow wp-block-column-is-layout-flow\">\n<h2 class=\"wp-block-heading\"><strong>M\u00e9trologie<\/strong><\/h2>\n\n\n\n<p>Pour atteindre ou v\u00e9rifier une mesure hautement pr\u00e9cise, la m\u00e9trologie s\u2019impose d\u2019elle-m\u00eame. Nos techniciens en m\u00e9trologie disposent d\u2019un laboratoire d\u00e9di\u00e9 au contr\u00f4le dimensionnel des pi\u00e8ces et des moules incluant tous les \u00e9quipements essentiels \u00e0 une prise de mesure efficace. Deux CMM (coordinate measuring machine), un syst\u00e8me automatis\u00e9 \u00e0 palpeur, un syst\u00e8me de mesure par vision et des \u00e9quipements sans contact leur permettent de prendre des mesures jusqu\u2019au micron pr\u00e8s. Un&nbsp;<em>scanner<\/em> 3D peut \u00e9galement \u00eatre utilis\u00e9 afin de recr\u00e9er la pi\u00e8ce au milli\u00e8me de pouce dans un logiciel de dessin. La m\u00e9trologie est un gage de conformit\u00e9 et de qualit\u00e9 et, sans contredit, un passage oblig\u00e9 en mati\u00e8re de qualification et d\u2019assurance qualit\u00e9 des pi\u00e8ces moul\u00e9es que nous produisons.<\/p>\n\n\n\n<p>GLP accompagne les entreprises provenant de secteurs vari\u00e9s dans la r\u00e9alisation de leur projet. Nous avons, entre autres, acquis une expertise dans le moulage par injection de pi\u00e8ces pour l\u2019industrie des transports, pour les fournisseurs d\u2019\u00e9quipements m\u00e9dicaux ainsi que pour les applications \u00e9lectriques et industrielles et pour d\u2019autres secteurs de technologies de pointe.<\/p>\n<\/div>\n<\/div>\n\n\n\n<figure class=\"wp-block-image size-large is-resized\"><img loading=\"lazy\" decoding=\"async\" width=\"2500\" height=\"1668\" src=\"https:\/\/glphi-tech.com\/app\/uploads\/2024\/02\/prototype-molding_hero-2500x1668.webp\" alt=\"\" class=\"wp-image-388\" style=\"width:1450px;height:auto\" srcset=\"https:\/\/glphi-tech.com\/\/app\/uploads\/2024\/02\/prototype-molding_hero-2500x1668.webp 2500w, https:\/\/glphi-tech.com\/\/app\/uploads\/2024\/02\/prototype-molding_hero-300x200.webp 300w, https:\/\/glphi-tech.com\/\/app\/uploads\/2024\/02\/prototype-molding_hero-768x513.webp 768w, https:\/\/glphi-tech.com\/\/app\/uploads\/2024\/02\/prototype-molding_hero-1536x1025.webp 1536w, https:\/\/glphi-tech.com\/\/app\/uploads\/2024\/02\/prototype-molding_hero-2048x1367.webp 2048w\" sizes=\"auto, (max-width: 2500px) 100vw, 2500px\" \/><\/figure>\n<\/div>\n\n\n\n<div class=\"wp-block-group is-layout-constrained wp-block-group-is-layout-constrained\"><div class=\"block3d\"> \n\t\t\n\t\t<div class=\"containerImg\">\n            <div class=\"image\" data-type=\"background\" style=\"background-image:url(https:\/\/glphi-tech.com\/\/app\/uploads\/2024\/02\/Comp-Multifonction-1-1024x757.webp)\">\n            <\/div>\n            <span class=\"legende\">Dimensions : 14\u2019\u2019 x 7\u2019\u2019 x 4\u2019\u2019<\/span>\n    <\/div>\n\n\t\t<div class=\"droite\"><h4>Pi\u00e8ces multifonctions<\/h4>\n<h5>Moulage par injection<\/h5>\n<p>Moins de composantes et une optimisation de l\u2019assemblage. L\u2019ing\u00e9niosit\u00e9 \u00e0 son meilleur.<\/p>\n<\/div>\n\n<\/div>\n\n<\/div>\n","protected":false},"excerpt":{"rendered":"<p>Avec l\u2019acquisition de 2 premi\u00e8res presses en 1977, GLP se lance dans l\u2019aventure du moulage par injection, qui est l\u2019un des proc\u00e9d\u00e9s de fabrication les plus r\u00e9pandus de notre \u00e8re. Le processus de moulage par injection se d\u00e9roule en plusieurs \u00e9tapes cl\u00e9s. Des granul\u00e9s de mati\u00e8re plastique sont tout d\u2019abord chauff\u00e9s jusqu\u2019\u00e0 ce qu\u2019ils fondent. &hellip; <a href=\"https:\/\/glphi-tech.com\/fr\/moulage-par-injection\/\">Continued<\/a><\/p>\n","protected":false},"author":1,"featured_media":804,"parent":0,"menu_order":0,"comment_status":"closed","ping_status":"closed","template":"","meta":{"_acf_changed":false,"inline_featured_image":false,"footnotes":""},"class_list":["post-449","page","type-page","status-publish","has-post-thumbnail","hentry"],"acf":[],"_links":{"self":[{"href":"https:\/\/glphi-tech.com\/fr\/wp-json\/wp\/v2\/pages\/449","targetHints":{"allow":["GET"]}}],"collection":[{"href":"https:\/\/glphi-tech.com\/fr\/wp-json\/wp\/v2\/pages"}],"about":[{"href":"https:\/\/glphi-tech.com\/fr\/wp-json\/wp\/v2\/types\/page"}],"author":[{"embeddable":true,"href":"https:\/\/glphi-tech.com\/fr\/wp-json\/wp\/v2\/users\/1"}],"replies":[{"embeddable":true,"href":"https:\/\/glphi-tech.com\/fr\/wp-json\/wp\/v2\/comments?post=449"}],"version-history":[{"count":17,"href":"https:\/\/glphi-tech.com\/fr\/wp-json\/wp\/v2\/pages\/449\/revisions"}],"predecessor-version":[{"id":899,"href":"https:\/\/glphi-tech.com\/fr\/wp-json\/wp\/v2\/pages\/449\/revisions\/899"}],"wp:featuredmedia":[{"embeddable":true,"href":"https:\/\/glphi-tech.com\/fr\/wp-json\/wp\/v2\/media\/804"}],"wp:attachment":[{"href":"https:\/\/glphi-tech.com\/fr\/wp-json\/wp\/v2\/media?parent=449"}],"curies":[{"name":"wp","href":"https:\/\/api.w.org\/{rel}","templated":true}]}}