{"id":453,"date":"2024-01-30T13:08:09","date_gmt":"2024-01-30T18:08:09","guid":{"rendered":"http:\/\/localhost\/mold-design-and-manufacturing\/"},"modified":"2024-03-25T14:13:53","modified_gmt":"2024-03-25T18:13:53","slug":"design-et-fabrication-de-moule","status":"publish","type":"page","link":"https:\/\/glphi-tech.com\/fr\/design-et-fabrication-de-moule\/","title":{"rendered":"Design et fabrication de moule"},"content":{"rendered":"\n<div class=\"wp-block-group is-layout-constrained wp-block-group-is-layout-constrained\">\n<div class=\"wp-block-columns is-layout-flex wp-container-core-columns-is-layout-9d6595d7 wp-block-columns-is-layout-flex\">\n<div class=\"wp-block-column is-layout-flow wp-block-column-is-layout-flow\">\n<p class=\"has-xl-font-size\">En amont du moulage par injection se trouvent le design et la fabrication de moule. Cette premi\u00e8re \u00e9tape est cruciale et d\u00e9termine la qualit\u00e9 et la pr\u00e9cision des pi\u00e8ces finales. Le processus de fabrication du moule d\u00e9bute par son plan pour le concevoir. Nos ing\u00e9nieurs collaborent \u00e9troitement avec diverses \u00e9quipes pour \u00e9laborer un plan d\u00e9taill\u00e9 qui prend en compte les sp\u00e9cifications du produit final, la mati\u00e8re premi\u00e8re qui sera utilis\u00e9e et les contraintes reli\u00e9es \u00e0 production. Le design du moule doit non seulement assurer la pr\u00e9cision dimensionnelle de la pi\u00e8ce, mais aussi tenir compte des caract\u00e9ristiques particuli\u00e8res du thermoplastique utilis\u00e9 et de son usage.<\/p>\n\n\n\n<p>Une fois le design du moule finalis\u00e9, le processus de fabrication d\u00e9marre. Cette fabrication s\u2019effectue sur place dans notre usine ou chez nos sous-traitants partenaires. Notre proc\u00e9d\u00e9 de fabrication fait appel \u00e0 des technologies d\u2019usinage avanc\u00e9es et n\u00e9cessite une expertise technique approfondie pour garantir la qualit\u00e9 du moule.<\/p>\n<\/div>\n<\/div>\n<\/div>\n\n\n\n<div class=\"wp-block-group is-layout-constrained wp-block-group-is-layout-constrained\">\n<div class=\"wp-block-columns is-layout-flex wp-container-core-columns-is-layout-9d6595d7 wp-block-columns-is-layout-flex\">\n<div class=\"wp-block-column is-layout-flow wp-block-column-is-layout-flow\">\n<h2 class=\"wp-block-heading\"><strong>Performance et haute pr\u00e9cision<\/strong><\/h2>\n\n\n\n<p>Tous les moules fabriqu\u00e9s par notre \u00e9quipe sont mis \u00e0 l\u2019essai dans nos installations. Ils sont peaufin\u00e9s et ajust\u00e9s jusqu\u2019\u00e0 l\u2019obtention de la conformit\u00e9 voulue et du rendement le plus optimal possible. Nous portons une attention m\u00e9ticuleuse \u00e0 toutes les \u00e9tapes de conception, de simulation de remplissage, de fabrication et de rodage afin de cr\u00e9er un moule r\u00e9pondant parfaitement aux exigences requises. La fabrication d\u2019un moule de haute pr\u00e9cision \u00e9prouv\u00e9 avant m\u00eame la mise en marche de la production est un pr\u00e9requis que nous honorons \u00e0 chacun des projets de moulage par injection que nous r\u00e9alisons.<\/p>\n<\/div>\n<\/div>\n<\/div>\n\n\n\n<div class=\"wp-block-group is-layout-constrained wp-block-group-is-layout-constrained\">\n<figure class=\"wp-block-image size-large\"><img loading=\"lazy\" decoding=\"async\" width=\"2500\" height=\"1406\" src=\"http:\/\/localhost\/app\/uploads\/2024\/02\/mold-design-and-manufacturing_content-2500x1406.webp\" alt=\"\" class=\"wp-image-411\" srcset=\"https:\/\/glphi-tech.com\/\/app\/uploads\/2024\/02\/mold-design-and-manufacturing_content-2500x1406.webp 2500w, https:\/\/glphi-tech.com\/\/app\/uploads\/2024\/02\/mold-design-and-manufacturing_content-300x169.webp 300w, https:\/\/glphi-tech.com\/\/app\/uploads\/2024\/02\/mold-design-and-manufacturing_content-768x432.webp 768w, https:\/\/glphi-tech.com\/\/app\/uploads\/2024\/02\/mold-design-and-manufacturing_content-1536x864.webp 1536w, https:\/\/glphi-tech.com\/\/app\/uploads\/2024\/02\/mold-design-and-manufacturing_content-2048x1152.webp 2048w\" sizes=\"auto, (max-width: 2500px) 100vw, 2500px\" \/><\/figure>\n\n\n\n<div class=\"wp-block-columns is-layout-flex wp-container-core-columns-is-layout-9d6595d7 wp-block-columns-is-layout-flex\">\n<div class=\"wp-block-column is-layout-flow wp-block-column-is-layout-flow\">\n<h2 class=\"wp-block-heading\"><strong>Limiter les temps d\u2019arr\u00eat<\/strong><\/h2>\n\n\n\n<p>Puisque nous avons un d\u00e9partement complet de fabrication de moules \u00e0 m\u00eame nos installations, nous pouvons effectuer les r\u00e9parations, les ajustements et les modifications directement sur place si requis. Cet avantage permet de r\u00e9duire substantiellement les temps d\u2019arr\u00eat de votre production qui sont occasionn\u00e9s par les retouches de moules.<\/p>\n<\/div>\n<\/div>\n<\/div>\n\n\n\n<div class=\"wp-block-group is-layout-constrained wp-block-group-is-layout-constrained\"><div class=\"block3d\"> \n\t\t\n\t\t<div class=\"containerImg\">\n            <div class=\"image\" data-type=\"background\" style=\"background-image:url(https:\/\/glphi-tech.com\/\/app\/uploads\/2024\/02\/Comp-Part2-1-1024x757.webp)\">\n            <\/div>\n            <span class=\"legende\">Dimensions : 15\u2019\u2019 x 5\u2019\u2019<\/span>\n    <\/div>\n\n\t\t<div class=\"droite\"><h4>Grille d&#8217;admission d&#8217;air<\/h4>\n<h5>Moulage par injection<\/h5>\n<p>Un ajout de puissance et de finesse. Pour de la performance et de l&#8217;\u00e9l\u00e9gance.<\/p>\n<\/div>\n\n<\/div>\n\n\n\n<div class=\"block3d\"> \n\t\t\n\t\t<div class=\"containerImg\">\n            <div class=\"image\" data-type=\"background\" style=\"background-image:url(https:\/\/glphi-tech.com\/\/app\/uploads\/2024\/03\/mesh-grilles-1024x757.webp)\">\n            <\/div>\n            <span class=\"legende\">Vue rapproch\u00e9e<\/span>\n    <\/div>\n\n\t\t<div class=\"droite\"><h4>Grilles surmoul\u00e9es<\/h4>\n<h5>Surmoulage de maille en tissu<\/h5>\n<\/div>\n\n<\/div>\n\n<\/div>\n","protected":false},"excerpt":{"rendered":"<p>En amont du moulage par injection se trouvent le design et la fabrication de moule. Cette premi\u00e8re \u00e9tape est cruciale et d\u00e9termine la qualit\u00e9 et la pr\u00e9cision des pi\u00e8ces finales. Le processus de fabrication du moule d\u00e9bute par son plan pour le concevoir. Nos ing\u00e9nieurs collaborent \u00e9troitement avec diverses \u00e9quipes pour \u00e9laborer un plan d\u00e9taill\u00e9 &hellip; <a href=\"https:\/\/glphi-tech.com\/fr\/design-et-fabrication-de-moule\/\">Continued<\/a><\/p>\n","protected":false},"author":1,"featured_media":405,"parent":0,"menu_order":0,"comment_status":"closed","ping_status":"closed","template":"","meta":{"_acf_changed":false,"inline_featured_image":false,"footnotes":""},"class_list":["post-453","page","type-page","status-publish","has-post-thumbnail","hentry"],"acf":[],"_links":{"self":[{"href":"https:\/\/glphi-tech.com\/fr\/wp-json\/wp\/v2\/pages\/453","targetHints":{"allow":["GET"]}}],"collection":[{"href":"https:\/\/glphi-tech.com\/fr\/wp-json\/wp\/v2\/pages"}],"about":[{"href":"https:\/\/glphi-tech.com\/fr\/wp-json\/wp\/v2\/types\/page"}],"author":[{"embeddable":true,"href":"https:\/\/glphi-tech.com\/fr\/wp-json\/wp\/v2\/users\/1"}],"replies":[{"embeddable":true,"href":"https:\/\/glphi-tech.com\/fr\/wp-json\/wp\/v2\/comments?post=453"}],"version-history":[{"count":11,"href":"https:\/\/glphi-tech.com\/fr\/wp-json\/wp\/v2\/pages\/453\/revisions"}],"predecessor-version":[{"id":894,"href":"https:\/\/glphi-tech.com\/fr\/wp-json\/wp\/v2\/pages\/453\/revisions\/894"}],"wp:featuredmedia":[{"embeddable":true,"href":"https:\/\/glphi-tech.com\/fr\/wp-json\/wp\/v2\/media\/405"}],"wp:attachment":[{"href":"https:\/\/glphi-tech.com\/fr\/wp-json\/wp\/v2\/media?parent=453"}],"curies":[{"name":"wp","href":"https:\/\/api.w.org\/{rel}","templated":true}]}}