{"id":456,"date":"2024-01-30T13:07:11","date_gmt":"2024-01-30T18:07:11","guid":{"rendered":"http:\/\/localhost\/mold-texturing\/"},"modified":"2024-03-25T14:17:38","modified_gmt":"2024-03-25T18:17:38","slug":"texturisation-de-moule","status":"publish","type":"page","link":"https:\/\/glphi-tech.com\/fr\/texturisation-de-moule\/","title":{"rendered":"Texturisation de moule"},"content":{"rendered":"\n<div class=\"wp-block-group is-layout-constrained wp-block-group-is-layout-constrained\">\n<div class=\"wp-block-columns is-layout-flex wp-container-core-columns-is-layout-9d6595d7 wp-block-columns-is-layout-flex\">\n<div class=\"wp-block-column is-layout-flow wp-block-column-is-layout-flow\">\n<p class=\"has-xl-font-size\">Avec l\u2019acquisition de l\u2019entreprise Brasmold, qui a \u00e9t\u00e9 int\u00e9gr\u00e9e comme une marque \u00e0 part enti\u00e8re dans notre entreprise, nous sommes d\u00e9sormais en mesure d\u2019offrir une large gamme de mod\u00e8les de textures ainsi que des \u00e9quivalents pour la plupart des standards de l\u2019industrie. Nous pouvons aussi r\u00e9aliser vos design personnalis\u00e9s de texture qui apporteront une valeur ajout\u00e9e \u00e0 vos pi\u00e8ces. Les possibilit\u00e9s de texture et de finition n\u2019ont pratiquement pas de limites gr\u00e2ce au proc\u00e9d\u00e9 de texturisation chimique et \u00e0 la texturisation au laser.<\/p>\n<\/div>\n<\/div>\n<\/div>\n\n\n\n<div class=\"wp-block-group is-layout-constrained wp-block-group-is-layout-constrained\">\n<div class=\"wp-block-columns is-layout-flex wp-container-core-columns-is-layout-9d6595d7 wp-block-columns-is-layout-flex\">\n<div class=\"wp-block-column is-layout-flow wp-block-column-is-layout-flow\">\n<h2 class=\"wp-block-heading\">Touche finale sur vos pi\u00e8ces<\/h2>\n\n\n\n<p>Aujourd\u2019hui, beaucoup de pi\u00e8ces moul\u00e9es en thermoplastique sont textur\u00e9es, soit pour des raisons ergonomiques ou esth\u00e9tiques rendant ainsi la finition de la pi\u00e8ce plus attrayante. Il suffit de penser aux nombreuses pi\u00e8ces qui se retrouvent dans l\u2019habitacle d\u2019une voiture pour constater l\u2019importance des diff\u00e9rentes textures sur les surfaces visibles et leurs quantit\u00e9s. Que ce soit pour une texturisation au laser ou \u00e0 l\u2019acide, vous avez acc\u00e8s \u00e0 notre service de laboratoire pour obtenir vos plaques de prototype dans la mati\u00e8re de votre choix.<\/p>\n<\/div>\n<\/div>\n\n\n\n<figure class=\"wp-block-image size-large\"><img loading=\"lazy\" decoding=\"async\" width=\"2500\" height=\"1406\" src=\"http:\/\/localhost\/app\/uploads\/2024\/02\/mold-texturing_content-2500x1406.webp\" alt=\"\" class=\"wp-image-398\" srcset=\"https:\/\/glphi-tech.com\/\/app\/uploads\/2024\/02\/mold-texturing_content-2500x1406.webp 2500w, https:\/\/glphi-tech.com\/\/app\/uploads\/2024\/02\/mold-texturing_content-300x169.webp 300w, https:\/\/glphi-tech.com\/\/app\/uploads\/2024\/02\/mold-texturing_content-768x432.webp 768w, https:\/\/glphi-tech.com\/\/app\/uploads\/2024\/02\/mold-texturing_content-1536x864.webp 1536w, https:\/\/glphi-tech.com\/\/app\/uploads\/2024\/02\/mold-texturing_content-2048x1152.webp 2048w\" sizes=\"auto, (max-width: 2500px) 100vw, 2500px\" \/><\/figure>\n\n\n\n<div class=\"wp-block-columns is-layout-flex wp-container-core-columns-is-layout-9d6595d7 wp-block-columns-is-layout-flex\">\n<div class=\"wp-block-column is-layout-flow wp-block-column-is-layout-flow\">\n<h3 class=\"wp-block-heading\">Texturisation de moule \u00e0 l\u2019acide<\/h3>\n\n\n\n<p>La texturisation chimique de moule est un proc\u00e9d\u00e9 utilis\u00e9 depuis des d\u00e9cennies. Pour Brasmold, c\u2019est une expertise qui se cumule depuis plus de 30 ann\u00e9es en texturisation \u00e0 l\u2019acide. Ce processus utilise de l\u2019acide pour br\u00fbler un relief ou une image dans le moule en m\u00e9tal. Un film avec le d\u00e9tail du relief, ou l\u2019image, est appliqu\u00e9 sur la surface \u00e0 graver. Les ouvertures dans le film permettent \u00e0 l\u2019acide de graver le m\u00e9tal par d\u00e9sagr\u00e9gation, assurant une reproduction parfaite de celui-ci.<\/p>\n<\/div>\n\n\n\n<div class=\"wp-block-column is-layout-flow wp-block-column-is-layout-flow\">\n<h3 class=\"wp-block-heading\">La touche finale, la qualit\u00e9 Brasmold<\/h3>\n\n\n\n<p>La qualit\u00e9 des textures d\u00e9velopp\u00e9es est une priorit\u00e9 constante et nous nous assurons qu\u2019un haut niveau de performance est atteint pour chacun des projets que nous r\u00e9alisons. La formation des membres de notre \u00e9quipe ainsi que le maintien et l\u2019am\u00e9lioration des \u00e9quipements utilis\u00e9s et des proc\u00e9d\u00e9s pour la texturisation de moule nous permettent de vous assurer un fini pr\u00e9cis et fid\u00e8le \u00e0 vos attentes.&nbsp;<\/p>\n\n\n\n<div class=\"wp-block-buttons is-layout-flex wp-block-buttons-is-layout-flex\">\n<div class=\"wp-block-button\"><a class=\"wp-block-button__link wp-element-button\" href=\"https:\/\/brasmold.ca\/fr\/\" target=\"_blank\" rel=\"noreferrer noopener\">Brasmold<\/a><\/div>\n<\/div>\n<\/div>\n<\/div>\n<\/div>\n\n\n\n<div class=\"wp-block-columns is-layout-flex wp-container-core-columns-is-layout-9d6595d7 wp-block-columns-is-layout-flex\">\n<div class=\"wp-block-column is-layout-flow wp-block-column-is-layout-flow\">\n<h2 class=\"wp-block-heading\">Texturisation de moule au laser<\/h2>\n\n\n\n<p>Avec l\u2019implantation de la technologie de texturisation au laser dans les derni\u00e8res ann\u00e9es, GLP a \u00e9largi son offre de texturisation de moule. Appel\u00e9e aussi l\u2019usinage laser par ablation, la texturisation de moule au laser consiste \u00e0 usiner de fines couches de mati\u00e8re gr\u00e2ce \u00e0 un faisceau laser puls\u00e9 jusqu\u2019\u00e0 l\u2019obtention de la forme ou de la texture souhait\u00e9e. Cette technologie permet une plus grande pr\u00e9cision, une r\u00e9p\u00e9tabilit\u00e9 \u00e0 100 % de m\u00eame qu\u2019une plus grande complexit\u00e9 du design.<\/p>\n<\/div>\n<\/div>\n\n\n\n<figure class=\"wp-block-image size-full\"><img loading=\"lazy\" decoding=\"async\" width=\"1229\" height=\"691\" src=\"https:\/\/glphi-tech.com\/app\/uploads\/2024\/03\/texture.webp\" alt=\"\" class=\"wp-image-841\" srcset=\"https:\/\/glphi-tech.com\/\/app\/uploads\/2024\/03\/texture.webp 1229w, https:\/\/glphi-tech.com\/\/app\/uploads\/2024\/03\/texture-300x169.webp 300w, https:\/\/glphi-tech.com\/\/app\/uploads\/2024\/03\/texture-768x432.webp 768w\" sizes=\"auto, (max-width: 1229px) 100vw, 1229px\" \/><\/figure>\n\n\n\n<div class=\"wp-block-group is-layout-constrained wp-block-group-is-layout-constrained\"><div class=\"block3d\"> \n\t\t\n\t\t<div class=\"containerImg\">\n            <div class=\"image\" data-type=\"background\" style=\"background-image:url(https:\/\/glphi-tech.com\/\/app\/uploads\/2024\/02\/Comp-Part1-1024x757.webp)\">\n            <\/div>\n            <span class=\"legende\">Dimensions : 15\u2019\u2019 x 12\u2019\u2019 x 6\u2019\u2019<\/span>\n    <\/div>\n\n\t\t<div class=\"droite\"><h4>Couvercle de batterie<\/h4>\n<h5>Moulage par injection<\/h5>\n<p>S\u00e9curisez votre source d\u2019\u00e9nergie avec style.<\/p>\n<\/div>\n\n<\/div>\n\n<\/div>\n","protected":false},"excerpt":{"rendered":"<p>Avec l\u2019acquisition de l\u2019entreprise Brasmold, qui a \u00e9t\u00e9 int\u00e9gr\u00e9e comme une marque \u00e0 part enti\u00e8re dans notre entreprise, nous sommes d\u00e9sormais en mesure d\u2019offrir une large gamme de mod\u00e8les de textures ainsi que des \u00e9quivalents pour la plupart des standards de l\u2019industrie. Nous pouvons aussi r\u00e9aliser vos design personnalis\u00e9s de texture qui apporteront une valeur &hellip; <a href=\"https:\/\/glphi-tech.com\/fr\/texturisation-de-moule\/\">Continued<\/a><\/p>\n","protected":false},"author":1,"featured_media":397,"parent":0,"menu_order":0,"comment_status":"closed","ping_status":"closed","template":"","meta":{"_acf_changed":false,"inline_featured_image":false,"footnotes":""},"class_list":["post-456","page","type-page","status-publish","has-post-thumbnail","hentry"],"acf":[],"_links":{"self":[{"href":"https:\/\/glphi-tech.com\/fr\/wp-json\/wp\/v2\/pages\/456","targetHints":{"allow":["GET"]}}],"collection":[{"href":"https:\/\/glphi-tech.com\/fr\/wp-json\/wp\/v2\/pages"}],"about":[{"href":"https:\/\/glphi-tech.com\/fr\/wp-json\/wp\/v2\/types\/page"}],"author":[{"embeddable":true,"href":"https:\/\/glphi-tech.com\/fr\/wp-json\/wp\/v2\/users\/1"}],"replies":[{"embeddable":true,"href":"https:\/\/glphi-tech.com\/fr\/wp-json\/wp\/v2\/comments?post=456"}],"version-history":[{"count":15,"href":"https:\/\/glphi-tech.com\/fr\/wp-json\/wp\/v2\/pages\/456\/revisions"}],"predecessor-version":[{"id":903,"href":"https:\/\/glphi-tech.com\/fr\/wp-json\/wp\/v2\/pages\/456\/revisions\/903"}],"wp:featuredmedia":[{"embeddable":true,"href":"https:\/\/glphi-tech.com\/fr\/wp-json\/wp\/v2\/media\/397"}],"wp:attachment":[{"href":"https:\/\/glphi-tech.com\/fr\/wp-json\/wp\/v2\/media?parent=456"}],"curies":[{"name":"wp","href":"https:\/\/api.w.org\/{rel}","templated":true}]}}