{"id":459,"date":"2024-01-30T13:07:02","date_gmt":"2024-01-30T18:07:02","guid":{"rendered":"http:\/\/localhost\/prototype-molding\/"},"modified":"2024-03-25T14:16:51","modified_gmt":"2024-03-25T18:16:51","slug":"moulage-prototype","status":"publish","type":"page","link":"https:\/\/glphi-tech.com\/fr\/moulage-prototype\/","title":{"rendered":"Moulage prototype"},"content":{"rendered":"\n<div class=\"wp-block-group is-layout-constrained wp-block-group-is-layout-constrained\">\n<div class=\"wp-block-columns sansPadding is-layout-flex wp-container-core-columns-is-layout-9d6595d7 wp-block-columns-is-layout-flex\">\n<div class=\"wp-block-column is-layout-flow wp-block-column-is-layout-flow\">\n<p class=\"has-xl-font-size\">En 2010, une \u00e9quipe sp\u00e9cialis\u00e9e de GLP d\u00e9veloppe et met au point une technologie pour la fabrication de pi\u00e8ces prototypes moul\u00e9es par injection sans devoir fabriquer le moule final. De cette innovation est n\u00e9 le service de prototypage <strong>StepOne<\/strong> qui r\u00e9pond efficacement \u00e0 la demande pour des pi\u00e8ces prototypes pouvant \u00eatre valid\u00e9es dans les conditions r\u00e9elles d\u2019utilisation.<\/p>\n\n\n\n<p>StepOne, exclusif aux clients de GLP, se pr\u00e9sente donc comme un service flexible et accessible pour la fabrication de pi\u00e8ces prototypes.<\/p>\n<\/div>\n<\/div>\n<\/div>\n\n\n\n<div class=\"wp-block-group is-layout-constrained wp-block-group-is-layout-constrained\">\n<figure class=\"wp-block-image size-large\"><img loading=\"lazy\" decoding=\"async\" width=\"2500\" height=\"1668\" src=\"http:\/\/localhost\/app\/uploads\/2024\/02\/prototype-molding_content-2500x1668.webp\" alt=\"\" class=\"wp-image-389\" srcset=\"https:\/\/glphi-tech.com\/\/app\/uploads\/2024\/02\/prototype-molding_content-2500x1668.webp 2500w, https:\/\/glphi-tech.com\/\/app\/uploads\/2024\/02\/prototype-molding_content-300x200.webp 300w, https:\/\/glphi-tech.com\/\/app\/uploads\/2024\/02\/prototype-molding_content-768x513.webp 768w, https:\/\/glphi-tech.com\/\/app\/uploads\/2024\/02\/prototype-molding_content-1536x1025.webp 1536w, https:\/\/glphi-tech.com\/\/app\/uploads\/2024\/02\/prototype-molding_content-2048x1367.webp 2048w\" sizes=\"auto, (max-width: 2500px) 100vw, 2500px\" \/><\/figure>\n\n\n\n<div class=\"wp-block-columns is-layout-flex wp-container-core-columns-is-layout-9d6595d7 wp-block-columns-is-layout-flex\">\n<div class=\"wp-block-column is-layout-flow wp-block-column-is-layout-flow\">\n<h2 class=\"wp-block-heading\"><strong>Avantages et expertise de StepOne<\/strong><\/h2>\n\n\n\n<p>Que ce soit pour des essais m\u00e9caniques, pour des projets pilotes, pour des homologations ou pour une mise en march\u00e9, StepOne vous offre l\u2019avantage d\u2019obtenir des pi\u00e8ces prototypes fabriqu\u00e9es avec les m\u00eames mati\u00e8res pr\u00e9vues pour la production, et ce, sans avoir \u00e0 investir en capital pour les moules. Avec la tr\u00e8s grande expertise de l\u2019\u00e9quipe StepOne dans la fabrication de moules et dans le moulage par injection, les prototypes obtenus sont des plus r\u00e9els.<\/p>\n\n\n\n<p>Vos pi\u00e8ces prototypes seront plus concr\u00e8tes et la vaste gamme de r\u00e9sines d\u2019ing\u00e9nierie offerte permet de trouver et de tester la mati\u00e8re qui correspondra le mieux aux exigences de votre produit final. D\u00e9sormais, les tests que vous ferez subir \u00e0 vos produits en phase de d\u00e9veloppement seront des plus concluants.<\/p>\n\n\n\n<p>Voici nos grandes familles de r\u00e9sine.<\/p>\n<\/div>\n<\/div>\n\n\n\n<div class=\"wp-block-columns is-layout-flex wp-container-core-columns-is-layout-9d6595d7 wp-block-columns-is-layout-flex\">\n<div class=\"wp-block-column is-layout-flow wp-block-column-is-layout-flow\">\n<ul class=\"wp-block-list\">\n<li>Polypropylene (PP, PP-GF)<\/li>\n\n\n\n<li>HDPE<\/li>\n\n\n\n<li>TPO<\/li>\n\n\n\n<li>PC, PC-ABS, ASA, PC-PBT<\/li>\n\n\n\n<li>TPE, TPV, TPU<\/li>\n\n\n\n<li>ABS<\/li>\n<\/ul>\n<\/div>\n\n\n\n<div class=\"wp-block-column is-layout-flow wp-block-column-is-layout-flow\">\n<ul class=\"wp-block-list\">\n<li>Nylon 6 et 66 (PA6, PA6-GF, PA66, PA6-GF)<\/li>\n\n\n\n<li>PBT (PBT-GF)<\/li>\n\n\n\n<li>PPS<\/li>\n\n\n\n<li>Acetal (POM, POM-GF)<\/li>\n\n\n\n<li>PMMA<\/li>\n\n\n\n<li>PEI<\/li>\n<\/ul>\n<\/div>\n<\/div>\n\n\n<div class=\"block3d\"> \n\t\t\n\t\t<div class=\"containerImg\">\n            <div class=\"image\" data-type=\"background\" style=\"background-image:url(https:\/\/glphi-tech.com\/\/app\/uploads\/2024\/02\/Comp-Garniture-1024x757.webp)\">\n            <\/div>\n            <span class=\"legende\">Dimensions : 36\u2019\u2019 x 7\u2019\u2019 x 5 1\/2\u2019\u2019<\/span>\n    <\/div>\n\n\t\t<div class=\"droite\"><h4>Pi\u00e8ces d&#8217;aile<\/h4>\n<h5>Moulage par injection<\/h5>\n<p>Comment d\u00e9finir la personnalit\u00e9.<\/p>\n<\/div>\n\n<\/div>\n\n\n\n\n<div class=\"wp-block-columns is-layout-flex wp-container-core-columns-is-layout-9d6595d7 wp-block-columns-is-layout-flex\">\n<div class=\"wp-block-column is-layout-flow wp-block-column-is-layout-flow\">\n<p>Nous mettons \u00e0 profit notre grande exp\u00e9rience dans le&nbsp;moulage de pi\u00e8ces prototypes pour vous aider \u00e0 performer dans vos essais.<\/p>\n<\/div>\n<\/div>\n<\/div>\n","protected":false},"excerpt":{"rendered":"<p>En 2010, une \u00e9quipe sp\u00e9cialis\u00e9e de GLP d\u00e9veloppe et met au point une technologie pour la fabrication de pi\u00e8ces prototypes moul\u00e9es par injection sans devoir fabriquer le moule final. De cette innovation est n\u00e9 le service de prototypage StepOne qui r\u00e9pond efficacement \u00e0 la demande pour des pi\u00e8ces prototypes pouvant \u00eatre valid\u00e9es dans les conditions &hellip; <a href=\"https:\/\/glphi-tech.com\/fr\/moulage-prototype\/\">Continued<\/a><\/p>\n","protected":false},"author":1,"featured_media":850,"parent":0,"menu_order":0,"comment_status":"closed","ping_status":"closed","template":"","meta":{"_acf_changed":false,"inline_featured_image":false,"footnotes":""},"class_list":["post-459","page","type-page","status-publish","has-post-thumbnail","hentry"],"acf":[],"_links":{"self":[{"href":"https:\/\/glphi-tech.com\/fr\/wp-json\/wp\/v2\/pages\/459","targetHints":{"allow":["GET"]}}],"collection":[{"href":"https:\/\/glphi-tech.com\/fr\/wp-json\/wp\/v2\/pages"}],"about":[{"href":"https:\/\/glphi-tech.com\/fr\/wp-json\/wp\/v2\/types\/page"}],"author":[{"embeddable":true,"href":"https:\/\/glphi-tech.com\/fr\/wp-json\/wp\/v2\/users\/1"}],"replies":[{"embeddable":true,"href":"https:\/\/glphi-tech.com\/fr\/wp-json\/wp\/v2\/comments?post=459"}],"version-history":[{"count":12,"href":"https:\/\/glphi-tech.com\/fr\/wp-json\/wp\/v2\/pages\/459\/revisions"}],"predecessor-version":[{"id":901,"href":"https:\/\/glphi-tech.com\/fr\/wp-json\/wp\/v2\/pages\/459\/revisions\/901"}],"wp:featuredmedia":[{"embeddable":true,"href":"https:\/\/glphi-tech.com\/fr\/wp-json\/wp\/v2\/media\/850"}],"wp:attachment":[{"href":"https:\/\/glphi-tech.com\/fr\/wp-json\/wp\/v2\/media?parent=459"}],"curies":[{"name":"wp","href":"https:\/\/api.w.org\/{rel}","templated":true}]}}