{"id":469,"date":"2024-02-08T11:03:18","date_gmt":"2024-02-08T16:03:18","guid":{"rendered":"http:\/\/localhost\/our-facilities\/"},"modified":"2024-04-02T10:27:31","modified_gmt":"2024-04-02T14:27:31","slug":"nos-installations","status":"publish","type":"page","link":"https:\/\/glphi-tech.com\/fr\/nos-installations\/","title":{"rendered":"Nos installations"},"content":{"rendered":"\n<div class=\"wp-block-group is-layout-constrained wp-block-group-is-layout-constrained\">\n<div class=\"wp-block-columns is-layout-flex wp-container-core-columns-is-layout-9d6595d7 wp-block-columns-is-layout-flex\">\n<div class=\"wp-block-column is-layout-flow wp-block-column-is-layout-flow\">\n<p class=\"has-xl-font-size\">L\u2019am\u00e9nagement de nos installations a \u00e9t\u00e9 con\u00e7u pour assurer une productivit\u00e9 accrue de pi\u00e8ces tout en ayant \u00e0 port\u00e9e de main des expertises compl\u00e9mentaires. Avec une superficie importante enti\u00e8rement d\u00e9di\u00e9e au moulage par injection et des \u00e9quipements de pointe tels que des bras robotis\u00e9s, nous produisons, chaque jour, des milliers de pi\u00e8ces selon les sp\u00e9cifications uniques \u00e0 chaque projet.<\/p>\n\n\n\n<p>Nos installations comptent \u00e9galement plusieurs quais de chargement qui nous permettent d\u2019optimiser la livraison des pi\u00e8ces produites par notre \u00e9quipe. Bien dispos\u00e9s en hauteur, les ponts roulants, quant \u00e0 eux, interviennent avec efficacit\u00e9 dans tous les d\u00e9placements de moules et d\u2019autres charges lourdes. Nos installations sont ergonomiques et nos \u00e9quipements sont r\u00e9guli\u00e8rement renouvel\u00e9s afin de doter notre \u00e9quipe de bons outils pour effectuer leur travail.<\/p>\n\n\n\n<p>Un espace vaste pour mieux vous servir<\/p>\n<\/div>\n<\/div>\n<\/div>\n\n\n\n<div class=\"wp-block-group is-layout-constrained wp-block-group-is-layout-constrained\"><div class=\"statistiques\"> \n\t<div class=\"gauche\"><span>Usine<\/span><span>100\u2009000 pi<sup>2<\/sup><\/span><\/div>\n\t<div class=\"centre\"><span>Moulage par injection<\/span><span>78 000 pi<sup>2<\/sup><\/span><\/div>\n\t<div class=\"droite\"><span>Entreposage<\/span><span>100 000 pi<sup>2<\/sup><\/span><\/div>\n<\/div>\n\n<\/div>\n\n\n\n<div class=\"wp-block-group is-layout-constrained wp-block-group-is-layout-constrained\">\n<figure class=\"wp-block-image size-large\"><img loading=\"lazy\" decoding=\"async\" width=\"2500\" height=\"1668\" src=\"http:\/\/localhost\/app\/uploads\/2024\/02\/our-facilites_content-2500x1668.webp\" alt=\"\" class=\"wp-image-422\" srcset=\"https:\/\/glphi-tech.com\/\/app\/uploads\/2024\/02\/our-facilites_content-2500x1668.webp 2500w, https:\/\/glphi-tech.com\/\/app\/uploads\/2024\/02\/our-facilites_content-300x200.webp 300w, https:\/\/glphi-tech.com\/\/app\/uploads\/2024\/02\/our-facilites_content-768x513.webp 768w, https:\/\/glphi-tech.com\/\/app\/uploads\/2024\/02\/our-facilites_content-1536x1025.webp 1536w, https:\/\/glphi-tech.com\/\/app\/uploads\/2024\/02\/our-facilites_content-2048x1367.webp 2048w\" sizes=\"auto, (max-width: 2500px) 100vw, 2500px\" \/><\/figure>\n\n\n\n<div class=\"wp-block-columns is-layout-flex wp-container-core-columns-is-layout-9d6595d7 wp-block-columns-is-layout-flex\">\n<div class=\"wp-block-column is-layout-flow wp-block-column-is-layout-flow\">\n<h2 class=\"wp-block-heading\"><strong>Des technologies compl\u00e9mentaires sous un m\u00eame toit<\/strong><\/h2>\n\n\n\n<p>Dans sa vision d\u2019offrir \u00e0 sa client\u00e8le un service cl\u00e9s en main, GLP a su d\u00e9velopper des expertises compl\u00e9mentaires tout en faisant l\u2019acquisition de technologies importantes. La <a href=\"\/fr\/design-et-fabrication-de-moule\/\">fabrication de moules<\/a>, la <a href=\"\/fr\/texturisation-de-moule\/\">texturisation chimique et au laser<\/a> ainsi que le <a href=\"\/fr\/moulage-prototype\/\">moulage prototype<\/a> peuvent \u00eatre faits dans nos installations par nos ing\u00e9nieurs et techniciens, qui cumulent plusieurs ann\u00e9es d\u2019exp\u00e9rience.<\/p>\n\n\n\n<p>Votre projet requiert la production d\u2019un nombre impressionnant de pi\u00e8ces? Nos sp\u00e9cialistes du moulage par injection vous accompagnent du d\u00e9but \u00e0 la fin.<\/p>\n\n\n\n<div class=\"wp-block-buttons is-layout-flex wp-block-buttons-is-layout-flex\">\n<div class=\"wp-block-button\"><a class=\"wp-block-button__link wp-element-button\" href=\"https:\/\/glphi-tech.com\/fr\/moulage-par-injection\/\">Moulage par injection<\/a><\/div>\n<\/div>\n<\/div>\n<\/div>\n<\/div>\n","protected":false},"excerpt":{"rendered":"<p>L\u2019am\u00e9nagement de nos installations a \u00e9t\u00e9 con\u00e7u pour assurer une productivit\u00e9 accrue de pi\u00e8ces tout en ayant \u00e0 port\u00e9e de main des expertises compl\u00e9mentaires. Avec une superficie importante enti\u00e8rement d\u00e9di\u00e9e au moulage par injection et des \u00e9quipements de pointe tels que des bras robotis\u00e9s, nous produisons, chaque jour, des milliers de pi\u00e8ces selon les sp\u00e9cifications &hellip; <a href=\"https:\/\/glphi-tech.com\/fr\/nos-installations\/\">Continued<\/a><\/p>\n","protected":false},"author":1,"featured_media":420,"parent":0,"menu_order":0,"comment_status":"closed","ping_status":"closed","template":"","meta":{"_acf_changed":false,"inline_featured_image":false,"footnotes":""},"class_list":["post-469","page","type-page","status-publish","has-post-thumbnail","hentry"],"acf":[],"_links":{"self":[{"href":"https:\/\/glphi-tech.com\/fr\/wp-json\/wp\/v2\/pages\/469","targetHints":{"allow":["GET"]}}],"collection":[{"href":"https:\/\/glphi-tech.com\/fr\/wp-json\/wp\/v2\/pages"}],"about":[{"href":"https:\/\/glphi-tech.com\/fr\/wp-json\/wp\/v2\/types\/page"}],"author":[{"embeddable":true,"href":"https:\/\/glphi-tech.com\/fr\/wp-json\/wp\/v2\/users\/1"}],"replies":[{"embeddable":true,"href":"https:\/\/glphi-tech.com\/fr\/wp-json\/wp\/v2\/comments?post=469"}],"version-history":[{"count":4,"href":"https:\/\/glphi-tech.com\/fr\/wp-json\/wp\/v2\/pages\/469\/revisions"}],"predecessor-version":[{"id":603,"href":"https:\/\/glphi-tech.com\/fr\/wp-json\/wp\/v2\/pages\/469\/revisions\/603"}],"wp:featuredmedia":[{"embeddable":true,"href":"https:\/\/glphi-tech.com\/fr\/wp-json\/wp\/v2\/media\/420"}],"wp:attachment":[{"href":"https:\/\/glphi-tech.com\/fr\/wp-json\/wp\/v2\/media?parent=469"}],"curies":[{"name":"wp","href":"https:\/\/api.w.org\/{rel}","templated":true}]}}