{"id":478,"date":"2024-02-02T13:31:20","date_gmt":"2024-02-02T18:31:20","guid":{"rendered":"http:\/\/localhost\/careers\/"},"modified":"2024-02-15T15:25:21","modified_gmt":"2024-02-15T20:25:21","slug":"carriere","status":"publish","type":"page","link":"https:\/\/glphi-tech.com\/fr\/carriere\/","title":{"rendered":"Carri\u00e8re"},"content":{"rendered":"\n<p>Chez GLP, nous sommes r\u00e9solument tourn\u00e9s vers l\u2019avenir, et cette dynamique positive se refl\u00e8te dans tous les aspects de notre entreprise. Nos valeurs fondamentales favorisent un environnement de travail collaboratif et solidaire. L\u2019entraide et le partage entre coll\u00e8gues sont au c\u0153ur de nos interactions quotidiennes. Chacun peut compter sur l\u2019appui de ses coll\u00e8gues, ce qui contribue \u00e0 une atmosph\u00e8re de travail positive et dynamique. Le plaisir de travailler ensemble se refl\u00e8te par la stabilit\u00e9 de nos \u00e9quipes.<\/p>\n\n\n\n<p>Pour notre \u00e9quipe compos\u00e9e de 150 personnes, les projets sont des occasions int\u00e9ressantes de travailler sur des produits d\u2019avant-garde tels que ceux dans le domaine m\u00e9dical. Ce sont aussi des occasions d\u2019\u00e9changer des informations entre nos diff\u00e9rents d\u00e9partements et d\u2019approfondir leurs connaissances. Il y a toujours quelque chose \u00e0 apprendre qui nous sort de la routine et qui nous donne le go\u00fbt de voir plus loin et de nous investir dans notre travail.&nbsp;<\/p>\n","protected":false},"excerpt":{"rendered":"<p>Chez GLP, nous sommes r\u00e9solument tourn\u00e9s vers l\u2019avenir, et cette dynamique positive se refl\u00e8te dans tous les aspects de notre entreprise. Nos valeurs fondamentales favorisent un environnement de travail collaboratif et solidaire. L\u2019entraide et le partage entre coll\u00e8gues sont au c\u0153ur de nos interactions quotidiennes. Chacun peut compter sur l\u2019appui de ses coll\u00e8gues, ce qui &hellip; <a href=\"https:\/\/glphi-tech.com\/fr\/carriere\/\">Continued<\/a><\/p>\n","protected":false},"author":1,"featured_media":0,"parent":0,"menu_order":0,"comment_status":"closed","ping_status":"closed","template":"template-carrieres.blade.php","meta":{"_acf_changed":false,"inline_featured_image":false,"footnotes":""},"class_list":["post-478","page","type-page","status-publish","hentry"],"acf":[],"_links":{"self":[{"href":"https:\/\/glphi-tech.com\/fr\/wp-json\/wp\/v2\/pages\/478","targetHints":{"allow":["GET"]}}],"collection":[{"href":"https:\/\/glphi-tech.com\/fr\/wp-json\/wp\/v2\/pages"}],"about":[{"href":"https:\/\/glphi-tech.com\/fr\/wp-json\/wp\/v2\/types\/page"}],"author":[{"embeddable":true,"href":"https:\/\/glphi-tech.com\/fr\/wp-json\/wp\/v2\/users\/1"}],"replies":[{"embeddable":true,"href":"https:\/\/glphi-tech.com\/fr\/wp-json\/wp\/v2\/comments?post=478"}],"version-history":[{"count":3,"href":"https:\/\/glphi-tech.com\/fr\/wp-json\/wp\/v2\/pages\/478\/revisions"}],"predecessor-version":[{"id":482,"href":"https:\/\/glphi-tech.com\/fr\/wp-json\/wp\/v2\/pages\/478\/revisions\/482"}],"wp:attachment":[{"href":"https:\/\/glphi-tech.com\/fr\/wp-json\/wp\/v2\/media?parent=478"}],"curies":[{"name":"wp","href":"https:\/\/api.w.org\/{rel}","templated":true}]}}